{"id":339,"date":"2022-08-23T06:52:33","date_gmt":"2022-08-23T06:52:33","guid":{"rendered":"https:\/\/belsuradev.wpengine.com\/?page_id=339"},"modified":"2025-03-11T10:32:45","modified_gmt":"2025-03-11T10:32:45","slug":"informativa-sulla-privacy","status":"publish","type":"page","link":"https:\/\/www.belsura.ch\/it\/informativa-sulla-privacy\/","title":{"rendered":"Informativa sulla privacy"},"content":{"rendered":"<p>\u00abBelsura\u00bb \u00e8 un marchio registrato da TONI Digital Insurance Solutions AG, Seefeldstrasse 5a, 8008 Zurich (\u00abnoi\u00bb, \u00abci\u00bb o \u00abnostro\/a\/i\/e\u00bb). Rispettiamo la privacy dei vostri dati personali. La presente Informativa sulla privacy spiega il modo in cui raccogliamo, utilizziamo, divulghiamo e salvaguardiamo i vostri dati personali quando visitate il nostro sito web (\u00abil sito web\u00bb), accessibile con i domini toni-dis.ch, tonidigital.ch, tonidigital.com o con altri domini che fanno riferimento allo stesso, utilizzate i nostri servizi o ci contattate. Vi preghiamo di leggere attentamente la presente Informativa sulla privacy e vi consigliamo di rileggerla periodicamente per rimanere informati in merito agli aggiornamenti. In caso di incongruenze tra le diverse lingue, prevarr\u00e0 la versione inglese dell&#8217;Informativa sulla privacy.<\/p>\n<h2>Titolare del trattamento dei dati<\/h2>\n<p>Siamo i titolari del trattamento dei dati descritto nella presente Informativa sulla privacy.<\/p>\n<p>Se avete domande o commenti in merito alla presente Informativa sulla privacy o se desiderate esercitare i vostri diritti legali in materia di protezione dei dati, contattateci all\u2019indirizzo:<\/p>\n<p style=\"margin-left: 30px;\">TONI Digital Insurance Solutions AG<br \/>\nData Protection Officer<br \/>\nSeefeldstrasse 5a<br \/>\nCH &#8211; 8008 Zurigo<br \/>\n+41 (0)43 543 81 81<br \/>\n<span class=\"s1\"><a href=\"mailto:dataprotection@tonidigital.com\">dataprotection@tonidigital.com<\/a><\/span><\/p>\n<h2>Finalit\u00e0 e base del trattamento dei dati<\/h2>\n<p class=\"p4\">Raccogliamo e trattiamo dati personali che vi concernono, in primo luogo, per informarvi in merito alla gamma di servizi da noi offerti. Inoltre, raccogliamo e trattiamo i vostri dati personali per fornire e documentare i nostri servizi in conformit\u00e0 ai nostri obblighi contrattuali e legali. Oltre a ci\u00f2, trattiamo i vostri dati personali per le seguenti finalit\u00e0:<\/p>\n<ul class=\"ul1\">\n<li class=\"li4\">aumentare l\u2019efficienza e l&#8217;operativit\u00e0 del sito web, nonch\u00e9 monitorare e analizzare l\u2019uso e le tendenze, al fine di migliorare la vostra esperienza con il medesimo;<\/li>\n<li class=\"li4\">marketing e pubblicit\u00e0;<\/li>\n<li class=\"li4\">informarvi in merito ai nostri servizi e ai nuovi sviluppi tramite newsletter (potete cancellare la vostra iscrizione alla newsletter in qualsiasi momento comunicandocelo);<\/li>\n<li class=\"li4\">raccogliere e analizzare dati statistici anonimi per uso interno o con terze parti;<\/li>\n<li class=\"li4\">trattare candidature a posti di lavoro;<\/li>\n<li class=\"li4\">adempiere obblighi di legge; e\/o<\/li>\n<li class=\"li4\">far valere diritti legali.<\/li>\n<\/ul>\n<p class=\"p2\">Noi, i nostri partner commerciali e\/o terze parti, abbiamo un interesse legittimo al trattamento dei dati descritto nella presente Informativa sulla privacy. Il trattamento dei dati \u00e8 conforme alle finalit\u00e0 menzionate. Alcuni trattamenti dei dati sono per noi necessari per adempiere a obblighi legali o contrattuali (ad esempio obblighi di conservazione dei dati).<\/p>\n<h2>Trattamento e utilizzo dei vostri dati personali<\/h2>\n<p class=\"p4\">Raccogliamo e trattiamo le informazioni che ci fornite se:<\/p>\n<ul class=\"ul1\">\n<li class=\"li4\">visitate il sito web;<\/li>\n<li class=\"li4\">ci contattate via e-mail, per telefono o via chat per chiedere informazioni su di noi e sui nostri servizi;<\/li>\n<li class=\"li4\">vi iscrivete alla nostra newsletter;<\/li>\n<li class=\"li4\">vi candidate per un posto di lavoro presso di noi; e\/o<\/li>\n<li class=\"li2\">fornite servizi o prodotti in qualit\u00e0 di fornitore o partner commerciale.<\/li>\n<\/ul>\n<h3>Quando si visita il sito web:<\/h3>\n<ul class=\"ul1\">\n<li class=\"li4\"><b><i>Principio:<\/i><\/b>\u00a0potete visitare il nostro sito web senza dover divulgare attivamente dati personali o informazioni di qualsiasi genere. Quando consultate il nostro sito web, il server dello stesso memorizza temporaneamente informazioni in merito agli accessi. Le informazioni includono l&#8217;indirizzo IP, la data e l&#8217;ora dell\u2019accesso, il nome e l&#8217;URL del file consultato, i dettagli del sito web da cui avviene l\u2019accesso (URL del referrer), il tipo di dispositivo e il sistema operativo del terminale, il tipo di browser utilizzato e il nome dell\u2019access provider.<\/li>\n<\/ul>\n<ul class=\"ul1\">\n<li class=\"li4\"><b><i>Cookie:<\/i><\/b>\u00a0sul sito web utilizziamo cookie, tag e tecnologie simili per personalizzare lo stesso e migliorare la vostra esperienza sul nostro sito. I cookie sono file di testo che vengono salvati sul vostro computer o dispositivo mobile quando visitate un sito web o utilizzate un\u2019app. Potete rifiutare l\u2019installazione dei cookie utilizzando un apposito componente aggiuntivo di disattivazione. Oltre alla possibilit\u00e0 di impedire l\u2019installazione dei cookie tramite le impostazioni appropriate, potete impostare il browser in modo che nessun cookie sia memorizzato sul vostro computer o dispositivo mobile. Riceverete pertanto un messaggio prima dell\u2019installazione di un cookie. Alcuni dei cookie sono per noi necessari per mettere a disposizione determinate funzioni del sito web. Inoltre, utilizziamo i cookie per impiegare strumenti di analisi del sito web come descritto di seguito.<\/li>\n<\/ul>\n<ul class=\"ul1\">\n<li class=\"li4\"><b><i>Strumenti di analisi del sito web (Google Analytics):<\/i><\/b>\u00a0al fine di strutturare il nostro sito web per rispondere alle vostre esigenze e di ottimizzarlo costantemente, utilizziamo Google Analytics, un servizio di analisi web fornito da Google Inc (1600 Amphitheatre Parkway, Mountain View, CA 94043, USA). Utilizziamo\u00a0<a href=\"https:\/\/support.google.com\/analytics\/answer\/6004245?hl=en\">Google Analytics<\/a>, per registrare e analizzare statisticamente l\u2019utilizzo del sito web. Tali informazioni possono anche essere trasferite a terzi, ove richiesto dalla legge applicabile o laddove terzi trattino tali dati per nostro conto. In questo contesto vengono creati profili utente pseudonimizzati e utilizzati cookie. Le informazioni generate dal cookie includono il tipo, la versione, la dimensione della finestra e la lingua del browser, l\u2019installazione di Java, la versione di Flash installata, la risoluzione utilizzata, il sistema operativo utilizzato, il nome e l\u2019URL del file consultato, il titolo della pagina, la pagina del sito web visitata in precedenza (URL del referrer), l\u2019indirizzo IP (anonimizzato) del terminale di accesso, la posizione approssimativa da cui avviene l&#8217;accesso e l\u2019ora della richiesta al server. I dati vengono trasmessi a un server di Google negli USA e l\u00ec memorizzati. Utilizziamo Google Analytics solo con la funzione di anonimizzazione dell\u2019IP attivata. Potete rifiutare l\u2019installazione dei cookie di Google Analytics utilizzando il seguente componente aggiuntivo di disattivazione: <a href=\"https:\/\/tools.google.com\/dlpage\/gaoptout?hl=it\">https:\/\/tools.google.com\/dlpage\/gaoptout?hl=it<\/a>.<\/li>\n<\/ul>\n<ul class=\"ul1\">\n<li class=\"li4\"><b><i>Newsletter:<\/i><\/b>\u00a0se vi iscrivete alla nostra newsletter, utilizziamo il vostro indirizzo e-mail e il vostro nominativo per inviarvi la newsletter a cui vi siete iscritti. Per quanto riguarda l\u2019ottimizzazione della nostra newsletter, utilizziamo servizi di analisi per analizzarne e misurarne l\u2019utilizzo. I servizi di analisi raccolgono e analizzano i dati di utilizzo (ad es. numero di destinatari che hanno aperto la newsletter e\/o cliccato sui titoli), fornendoci valutazioni che ci consentono di ottimizzare le nostre newsletter. Potete annullare l&#8217;iscrizione alla newsletter in qualsiasi momento tramite il link disponibile in fondo alla rispettiva newsletter o scrivendo all&#8217;indirizzo\u00a0<a href=\"mailto:dataprotection@tonidigital.com\">dataprotection@tonidigital.com<\/a>. Dopo l\u2019annullamento dell\u2019iscrizione non analizzeremo n\u00e9 misureremo pi\u00f9 il vostro utilizzo della newsletter.<\/li>\n<\/ul>\n<ul class=\"ul1\">\n<li class=\"li2\"><b><i>Modulo di contatto:<\/i><\/b>\u00a0per domande di qualsiasi tipo, sul nostro sito web vi offriamo la possibilit\u00e0 di contattarci tramite un modulo o tramite un indirizzo e-mail pubblicato. Per utilizzare il modulo di contatto \u00e8 necessario inserire il proprio indirizzo e-mail e il proprio nome. L&#8217;indicazione di ulteriori dati \u00e8 facoltativa.<\/li>\n<\/ul>\n<h2>Divulgazione dei vostri dati personali<\/h2>\n<p class=\"p2\">Possiamo condividere i dati personali che abbiamo raccolto se \u00e8 per noi necessario per raggiungere le finalit\u00e0 descritte nella presente Informativa sulla privacy. I vostri dati potranno essere comunicati alle seguenti categorie di destinatari:<\/p>\n<h3>Service provider terzi, fornitori e partner commerciali<\/h3>\n<p class=\"p2\">Possiamo condividere i vostri dati personali con terze parti che forniscono servizi a noi o per nostro conto, tra cui l&#8217;elaborazione dei pagamenti, l&#8217;analisi di dati, l&#8217;invio di e-mail, servizi di hosting, il servizio clienti e l&#8217;assistenza marketing. Al fine di raggiungere le finalit\u00e0 descritte nella presente Informativa sulla privacy, possiamo anche condividere i vostri dati personali con i nostri fornitori e partner commerciali.<\/p>\n<h3>Autorit\u00e0 e tribunali<\/h3>\n<p class=\"p2\">Se riteniamo che la comunicazione dei vostri dati personali sia necessaria per avviare o reagire a un procedimento legale, per indagare o porre rimedio a potenziali violazioni delle nostre policy, o per proteggere i diritti, la propriet\u00e0 e la sicurezza altrui, possiamo condividere le vostre informazioni come consentito o richiesto da qualsiasi legge, norma o regolamento applicabile. Ci\u00f2 comprende lo scambio di informazioni con altre entit\u00e0 per la protezione dalle frodi e la riduzione del rischio di credito.<\/p>\n<h2>Luogo e periodo di conservazione dei dati<\/h2>\n<p class=\"p2\">Trattiamo i vostri dati personali principalmente in Svizzera e nell\u2019UE. Nel corso della nostra attivit\u00e0 possiamo avere la necessit\u00e0 di trattare o condividere i vostri dati personali in paesi al di fuori della Svizzera e dell\u2019UE. L&#8217;eventuale trattamento o trasferimento dei vostri dati personali in\/a paesi privi di un\u2019adeguata protezione dei dati \u00e8 effettuato sulla base di clausole di protezione tipo o eccezioni legali (necessit\u00e0 per l\u2019adempimento di un contratto).<\/p>\n<p>Conserviamo i vostri dati personali solo nella misura e finch\u00e9 necessario per adempiere alle finalit\u00e0 descritte nella presente Informativa sulla privacy o agli obblighi di legge (ad esempio obblighi di conservazione dei dati).<\/p>\n<h2>I vostri diritti in merito ai vostri dati personali<\/h2>\n<p class=\"p4\">Avete i seguenti diritti in riferimento ai dati personali che vi concernono:<\/p>\n<ul class=\"ul1\">\n<li class=\"li4\">il diritto di ottenere informazioni da noi in merito ai dati personali che possediamo su di voi e al modo in cui li trattiamo;<\/li>\n<li class=\"li4\">il diritto di ottenere una copia dei vostri dati personali (in un formato di uso comune);<\/li>\n<li class=\"li4\">il diritto di ottenere il trasferimento dei vostri dati personali a un\u2019altra azienda;<\/li>\n<li class=\"li4\">il diritto di far rettificare o cancellare i vostri dati personali;<\/li>\n<li class=\"li4\">il diritto di opporsi al trattamento dei vostri dati personali da parte nostra.<\/li>\n<\/ul>\n<p class=\"p2\">I diritti sono soggetti a condizioni ed eccezioni. Possiamo rifiutare la vostra richiesta di esercitare questi diritti laddove siamo legalmente autorizzati in tal senso. Oltre ai diritti summenzionati, avete il diritto di proporre reclamo presso l\u2019Incaricato federale della protezione dei dati e della trasparenza svizzero (IFPDT).<\/p>\n<h2>Sicurezza dei dati<\/h2>\n<p class=\"p2\">Utilizziamo misure di sicurezza amministrative, tecniche e fisiche per garantire la protezione dei vostri dati personali. Eseguiamo regolari verifiche, perizie e valutazioni per dimostrare l\u2019efficacia delle misure conformemente alla nostra valutazione dei rischi.<\/p>\n<h2>Modifiche alla presente Informativa sulla privacy<\/h2>\n<p class=\"p4\">Ci riserviamo il diritto di apportare modifiche alla presente Informativa sulla privacy in qualsiasi momento e per qualsiasi motivo, ad esempio se cambiamo le nostre pratiche di trattamento dei dati o se entrano in vigore nuove norme.<\/p>\n<p>Vi avviseremo in merito a eventuali modifiche aggiornando la data dell\u2019 \u00abUltimo aggiornamento\u00bb della presente Informativa sulla privacy. Eventuali modifiche entreranno in vigore immediatamente con la pubblicazione dell\u2019Informativa sulla privacy aggiornata sul sito web. Fa stato la versione in quel momento pubblicata sul nostro sito web.<\/p>\n<p class=\"p4\">Ultimo aggiornamento: <span class=\"s3\">Ottobre, 2023<\/span><\/p>\n","protected":false},"excerpt":{"rendered":"<p>\u00abBelsura\u00bb \u00e8 un marchio registrato da TONI Digital Insurance Solutions AG, Seefeldstrasse 5a, 8008 Zurich (\u00abnoi\u00bb, \u00abci\u00bb o \u00abnostro\/a\/i\/e\u00bb). Rispettiamo la privacy dei vostri dati personali. La presente Informativa sulla privacy spiega il modo in cui raccogliamo, utilizziamo, divulghiamo e salvaguardiamo i vostri dati personali quando visitate il nostro sito web (\u00abil sito web\u00bb), accessibile [&hellip;]<\/p>\n","protected":false},"author":4,"featured_media":0,"parent":0,"menu_order":0,"comment_status":"closed","ping_status":"closed","template":"page-textbased.php","meta":{"footnotes":""},"class_list":["post-339","page","type-page","status-publish","hentry"],"yoast_head":"<!-- This site is optimized with the Yoast SEO plugin v27.1.1 - https:\/\/yoast.com\/product\/yoast-seo-wordpress\/ -->\n<title>Informativa sulla privacy - Belsura<\/title>\n<meta name=\"robots\" content=\"index, follow, max-snippet:-1, max-image-preview:large, max-video-preview:-1\" \/>\n<link rel=\"canonical\" href=\"https:\/\/www.belsura.ch\/de\/datenschutzerklaerung\/\" \/>\n<meta name=\"twitter:label1\" content=\"Tempo di lettura stimato\" \/>\n\t<meta name=\"twitter:data1\" content=\"8 minuti\" \/>\n<script type=\"application\/ld+json\" class=\"yoast-schema-graph\">{\"@context\":\"https:\/\/schema.org\",\"@graph\":[{\"@type\":\"WebPage\",\"@id\":\"https:\/\/www.belsura.ch\/de\/datenschutzerklaerung\/\",\"url\":\"https:\/\/www.belsura.ch\/de\/datenschutzerklaerung\/\",\"name\":\"Informativa sulla privacy - Belsura\",\"isPartOf\":{\"@id\":\"https:\/\/www.belsura.ch\/de\/#website\"},\"datePublished\":\"2022-08-23T06:52:33+00:00\",\"dateModified\":\"2025-03-11T10:32:45+00:00\",\"breadcrumb\":{\"@id\":\"https:\/\/www.belsura.ch\/de\/datenschutzerklaerung\/#breadcrumb\"},\"inLanguage\":\"it-IT\",\"potentialAction\":[{\"@type\":\"ReadAction\",\"target\":[\"https:\/\/www.belsura.ch\/de\/datenschutzerklaerung\/\"]}]},{\"@type\":\"BreadcrumbList\",\"@id\":\"https:\/\/www.belsura.ch\/de\/datenschutzerklaerung\/#breadcrumb\",\"itemListElement\":[{\"@type\":\"ListItem\",\"position\":1,\"name\":\"Startseite\",\"item\":\"https:\/\/www.belsura.ch\/it\/\"},{\"@type\":\"ListItem\",\"position\":2,\"name\":\"Informativa sulla privacy\"}]},{\"@type\":\"WebSite\",\"@id\":\"https:\/\/www.belsura.ch\/de\/#website\",\"url\":\"https:\/\/www.belsura.ch\/de\/\",\"name\":\"Belsura\",\"description\":\"Assicurazione auto Belsura\",\"publisher\":{\"@id\":\"https:\/\/www.belsura.ch\/de\/#organization\"},\"potentialAction\":[{\"@type\":\"SearchAction\",\"target\":{\"@type\":\"EntryPoint\",\"urlTemplate\":\"https:\/\/www.belsura.ch\/de\/?s={search_term_string}\"},\"query-input\":{\"@type\":\"PropertyValueSpecification\",\"valueRequired\":true,\"valueName\":\"search_term_string\"}}],\"inLanguage\":\"it-IT\"},{\"@type\":\"Organization\",\"@id\":\"https:\/\/www.belsura.ch\/de\/#organization\",\"name\":\"Belsura\",\"url\":\"https:\/\/www.belsura.ch\/de\/\",\"logo\":{\"@type\":\"ImageObject\",\"inLanguage\":\"it-IT\",\"@id\":\"https:\/\/www.belsura.ch\/de\/#\/schema\/logo\/image\/\",\"url\":\"https:\/\/www.belsura.ch\/wp-content\/uploads\/2022\/08\/belsura_i2.png\",\"contentUrl\":\"https:\/\/www.belsura.ch\/wp-content\/uploads\/2022\/08\/belsura_i2.png\",\"width\":1170,\"height\":260,\"caption\":\"Belsura\"},\"image\":{\"@id\":\"https:\/\/www.belsura.ch\/de\/#\/schema\/logo\/image\/\"}}]}<\/script>\n<!-- \/ Yoast SEO plugin. -->","yoast_head_json":{"title":"Informativa sulla privacy - Belsura","robots":{"index":"index","follow":"follow","max-snippet":"max-snippet:-1","max-image-preview":"max-image-preview:large","max-video-preview":"max-video-preview:-1"},"canonical":"https:\/\/www.belsura.ch\/de\/datenschutzerklaerung\/","twitter_misc":{"Tempo di lettura stimato":"8 minuti"},"schema":{"@context":"https:\/\/schema.org","@graph":[{"@type":"WebPage","@id":"https:\/\/www.belsura.ch\/de\/datenschutzerklaerung\/","url":"https:\/\/www.belsura.ch\/de\/datenschutzerklaerung\/","name":"Informativa sulla privacy - Belsura","isPartOf":{"@id":"https:\/\/www.belsura.ch\/de\/#website"},"datePublished":"2022-08-23T06:52:33+00:00","dateModified":"2025-03-11T10:32:45+00:00","breadcrumb":{"@id":"https:\/\/www.belsura.ch\/de\/datenschutzerklaerung\/#breadcrumb"},"inLanguage":"it-IT","potentialAction":[{"@type":"ReadAction","target":["https:\/\/www.belsura.ch\/de\/datenschutzerklaerung\/"]}]},{"@type":"BreadcrumbList","@id":"https:\/\/www.belsura.ch\/de\/datenschutzerklaerung\/#breadcrumb","itemListElement":[{"@type":"ListItem","position":1,"name":"Startseite","item":"https:\/\/www.belsura.ch\/it\/"},{"@type":"ListItem","position":2,"name":"Informativa sulla privacy"}]},{"@type":"WebSite","@id":"https:\/\/www.belsura.ch\/de\/#website","url":"https:\/\/www.belsura.ch\/de\/","name":"Belsura","description":"Assicurazione auto Belsura","publisher":{"@id":"https:\/\/www.belsura.ch\/de\/#organization"},"potentialAction":[{"@type":"SearchAction","target":{"@type":"EntryPoint","urlTemplate":"https:\/\/www.belsura.ch\/de\/?s={search_term_string}"},"query-input":{"@type":"PropertyValueSpecification","valueRequired":true,"valueName":"search_term_string"}}],"inLanguage":"it-IT"},{"@type":"Organization","@id":"https:\/\/www.belsura.ch\/de\/#organization","name":"Belsura","url":"https:\/\/www.belsura.ch\/de\/","logo":{"@type":"ImageObject","inLanguage":"it-IT","@id":"https:\/\/www.belsura.ch\/de\/#\/schema\/logo\/image\/","url":"https:\/\/www.belsura.ch\/wp-content\/uploads\/2022\/08\/belsura_i2.png","contentUrl":"https:\/\/www.belsura.ch\/wp-content\/uploads\/2022\/08\/belsura_i2.png","width":1170,"height":260,"caption":"Belsura"},"image":{"@id":"https:\/\/www.belsura.ch\/de\/#\/schema\/logo\/image\/"}}]}},"_links":{"self":[{"href":"https:\/\/www.belsura.ch\/it\/wp-json\/wp\/v2\/pages\/339","targetHints":{"allow":["GET"]}}],"collection":[{"href":"https:\/\/www.belsura.ch\/it\/wp-json\/wp\/v2\/pages"}],"about":[{"href":"https:\/\/www.belsura.ch\/it\/wp-json\/wp\/v2\/types\/page"}],"author":[{"embeddable":true,"href":"https:\/\/www.belsura.ch\/it\/wp-json\/wp\/v2\/users\/4"}],"replies":[{"embeddable":true,"href":"https:\/\/www.belsura.ch\/it\/wp-json\/wp\/v2\/comments?post=339"}],"version-history":[{"count":0,"href":"https:\/\/www.belsura.ch\/it\/wp-json\/wp\/v2\/pages\/339\/revisions"}],"wp:attachment":[{"href":"https:\/\/www.belsura.ch\/it\/wp-json\/wp\/v2\/media?parent=339"}],"curies":[{"name":"wp","href":"https:\/\/api.w.org\/{rel}","templated":true}]}}