{"id":1401,"date":"2025-03-19T10:41:28","date_gmt":"2025-03-19T10:41:28","guid":{"rendered":"https:\/\/belsuradev.wpengine.com\/?page_id=1401"},"modified":"2025-05-06T14:15:27","modified_gmt":"2025-05-06T14:15:27","slug":"assicurazione-credito","status":"publish","type":"page","link":"https:\/\/www.belsura.ch\/it\/assicurazione-credito\/","title":{"rendered":"Assicurazione credito"},"content":{"rendered":"<div class=\"wpb-content-wrapper\"><p>[vc_row][vc_column]\n        <div class=\"belsura-specialties bg-green\">\n            <div class=\"container\">\n                <h2 class=\"belsura-specialties_heading\">I tuoi vantaggi in un colpo d'occhio<\/h2>\n                <div class=\"belsura-specialties_items\">\n                    <div class=\"belsura-specialties_item\">\n                        <img decoding=\"async\" src=\"https:\/\/www.belsura.ch\/wp-content\/uploads\/2025\/03\/verified.svg\" alt=\"\">\n                        <p class=\"medium\"><b>Costi contenuti<\/b> <br>\u2013<br> per la garanzia di copertura delle rate del prestito<\/p>\n                    <\/div>\n                    <div class=\"belsura-specialties_item\">\n                        <img decoding=\"async\" src=\"https:\/\/www.belsura.ch\/wp-content\/uploads\/2025\/03\/umbrella.svg\" alt=\"\">\n                        <p class=\"medium\"><b>Si applica in caso di inabilit\u00e0 al lavoro<\/b> <br>\u2013<br> dovuta a infortunio e di disoccupazione per cause involontarie<\/p>\n                    <\/div>\n                    <div class=\"belsura-specialties_item\">\n                        <img decoding=\"async\" src=\"https:\/\/www.belsura.ch\/wp-content\/uploads\/2025\/03\/flowers.svg\" alt=\"\">\n                        <p class=\"medium\"><b>Tutela anche la tua famiglia<\/b> <br>\u2013<br> in caso di decesso, Belsura si fa carico del rimborso del prestito ereditato per i tuoi familiari<\/p>\n                    <\/div>\n\t\t\t\t<\/div>\n                <div class=\"belsura-specialties_buttons\">\n                    <a href=\"#contact\" class=\"primary\">Consulenza personalizzata<\/a>\n                    <a href=\"#coverages\" class=\"tertiary\">Dettagli sull'assicurazione<\/a>\n                <\/div>\n            <\/div>\n        <\/div>\n        <div id=\"coverages\" class=\"component-section\">\n            <div class=\"container\">\n                <h2>Quali sono le componenti dell'assicurazione crediti Belsura?<\/h2>\n\t\t        <p>Noi di Belsura consigliamo di <i>\u00abHope for the best, but prepare for the worst\u00bb<\/i>. Puoi attenuare il rischio di insolvenza con un'assicurazione rateale. Costa pochissimo e copre il rimborso delle rate mensili del prestito in caso di disoccupazione, invalidit\u00e0 o decesso.<\/p>\n                <div class=\"component_items\">\n                    <div id=\"item_1\" class=\"component_item\">\n                        <div class=\"component-item_header\">\n                            <h3>Disoccupazione<\/h3>\n                            <div>\n                                <button class=\"component-button-plus\"><\/button>\n                                <button class=\"component-button-minus\"><\/button>\n                            <\/div>\n                        <\/div>\n                        <p>In caso di disoccupazione per cause involontarie al 100%, sei assicurato alla perfezione. Il pagamento della rata del prestito \u00e8 coperto dall'assicurazione crediti di Belsura fino a un importo di 4'000 franchi svizzeri al mese.<\/p>\n\n                    <\/div>\n                    <div id=\"item_2\" class=\"component_item\">\n                        <div class=\"component-item_header\">\n                            <h3>Incapacit\u00e0 al guadagno<\/h3>\n                            <div>\n                                <button class=\"component-button-plus\"><\/button>\n                                <button class=\"component-button-minus\"><\/button>\n                            <\/div>\n                        <\/div>\n                        <p>In caso di incapacit\u00e0 al guadagno, l'assicurazione crediti Belsura ti aiuta. Pagher\u00e0 fino a 4'000 franchi svizzeri al mese della rata del tuo prestito. Questo vale se il tuo datore di lavoro non ti paga o ti paga meno a causa di una malattia o di un infortunio.<\/p>\n\n                    <\/div>\n                    <div id=\"item_3\" class=\"component_item\">\n                        <div class=\"component-item_header\">\n                            <h3>Debito residuo al momento del decesso<\/h3>\n                            <div>\n                                <button class=\"component-button-plus\"><\/button>\n                                <button class=\"component-button-minus\"><\/button>\n                            <\/div>\n                        <\/div>\n                        <p>In caso di tuo decesso in seguito a infortunio o malattia, l'assicurazione crediti Belsura paga il debito residuo fino a 100.000 franchi svizzeri o fino all'importo indicato nella conferma dell'assicurazione. Viene sempre preso in considerazione il minore dei due importi.<\/p>\n\n                    <\/div>\n                <\/div>\n            <\/div>\n        <\/div>\n        <div class=\"container\">\n            <div class=\"suitable \">\n                <div class=\"suitable_info\">\n                    <h3>Non sei ancora sicuro?<\/h3>\n                    <p class=\"base\">Il team di consulenti di FinanceScout24 \u00e8 a tua completa disposizione al +41 58 219 89 05.<\/p>\n                    <div class=\"suitable_info_button\">\n\t\t\t\t\t    <div class=\"belsura-specialties_buttons\">\n                    \t    <a href=\"#contact\" class=\"primary\">Consulenza personalizzata<\/a>\n                            <a href=\"#faq\" class=\"secondary\">Vai alle FAQ<\/a>\n                        <\/div>\n                    <\/div>\n                <\/div>\n                <div class=\"suitable_img\">\n                    <img decoding=\"async\" src=\"https:\/\/www.belsura.ch\/wp-content\/uploads\/2025\/03\/coin-1.png\" alt=\"\">\n                <\/div>\n            <\/div>\n        <\/div>\n        <div id=\"faq\" class=\"component-section\">\n            <div class=\"container\">\n                <h2>Hai ancora dubbi?<\/h2>\n\t\t        <p><\/p>\n                <div class=\"component_items\">\n                    <div id=\"item_1\" class=\"component_item\">\n                        <div class=\"component-item_header\">\n                            <h3>Posso stipulare un\u2019assicurazione rateale anche in un secondo momento?<\/h3>\n                            <div>\n                                <button class=\"component-button-plus\"><\/button>\n                                <button class=\"component-button-minus\"><\/button>\n                            <\/div>\n                        <\/div>\n                        <p>Non \u00e8 possibile stipulare un contratto in un secondo momento se il contratto di credito al consumo \u00e8 gi\u00e0 in corso.<\/p>\n\n                    <\/div>\n                    <div id=\"item_2\" class=\"component_item\">\n                        <div class=\"component-item_header\">\n                            <h3>Dove e come posso stipulare l\u2019assicurazione crediti Belsura?<\/h3>\n                            <div>\n                                <button class=\"component-button-plus\"><\/button>\n                                <button class=\"component-button-minus\"><\/button>\n                            <\/div>\n                        <\/div>\n                        <p>Puoi stipulare l'assicurazione crediti Belsura in esclusiva tramite FinanceScout24. Contatta semplicemente il team di consulenti FinanceScout24 <a href=\"https:\/\/www.financescout24.ch\/de\/lp\/kredit\/team\">qui<\/a> o telefonicamente al numero +41 58 219 89 05.<\/p>\n\n                    <\/div>\n                    <div id=\"item_3\" class=\"component_item\">\n                        <div class=\"component-item_header\">\n                            <h3>L\u2019assicurazione mi tutela anche come persona esercitante un\u2019attivit\u00e0 lucrativa indipendente?<\/h3>\n                            <div>\n                                <button class=\"component-button-plus\"><\/button>\n                                <button class=\"component-button-minus\"><\/button>\n                            <\/div>\n                        <\/div>\n                        <p>L'assicurazione \u00e8 attualmente offerta solo ai lavoratori dipendenti.<\/p>\n\n                    <\/div>\n                    <div id=\"item_4\" class=\"component_item\">\n                        <div class=\"component-item_header\">\n                            <h3>Cosa devo fare in caso di danno?<\/h3>\n                            <div>\n                                <button class=\"component-button-plus\"><\/button>\n                                <button class=\"component-button-minus\"><\/button>\n                            <\/div>\n                        <\/div>\n                        <p>Se si verifica un sinistro assicurato, questo deve essere denunciato immediatamente (entro 14 giorni dall'evento o entro 30 giorni in caso di decesso). I sinistri sono notificati come segue:<\/p>\n<ol>\n<li>Notifica immediata del sinistro.<\/li>\n<li>Procedere secondo le istruzioni riportate sul sito <a href=\"https:\/\/www.belsura.ch\">belsura.ch<\/a> o chiamare il seguente numero +41 43 543 81 80.<\/li>\n<li>Presentazione dei documenti richiesti e compilazione del formulario di denuncia del sinistro.<\/li>\n<\/ol>\n\n                    <\/div>\n                    <div id=\"item_5\" class=\"component_item\">\n                        <div class=\"component-item_header\">\n                            <h3>Cosa succede se il mio contratto di credito al consumo cambia?<\/h3>\n                            <div>\n                                <button class=\"component-button-plus\"><\/button>\n                                <button class=\"component-button-minus\"><\/button>\n                            <\/div>\n                        <\/div>\n                        <p>Devi informare immediatamente Belsura se:<\/p>\n<ul>\n<li>Succede qualcosa che pone fine alla copertura assicurativa. Il contratto viene quindi risolto al momento dell'evento. A seconda dell'evento, \u00e8 possibile stipulare un nuovo contratto.<\/li>\n<li>Non sono pi\u00f9 previsti pagamenti periodici.<\/li>\n<li>I pagamenti periodici cambiano, ad esempio se l'importo del prestito privato aumenta o diminuisce.<\/li>\n<\/ul>\n<p>In questi casi dovrai contattare immediatamente l'indirizzo service@belsura.ch o per posta:<\/p>\n<p>Belsura c\/o TONI Digital Insurance Solutions AG<br \/>\nSeefeldstrasse 5A<br \/>\nCH-8008 Z\u00fcrich<\/p>\n\n                    <\/div>\n                <\/div>\n            <\/div>\n        <\/div>\n        <div id=\"contact\" class=\"whats-next\">\n            <div class=\"container\">\n                <h2>Dove posso ottenere l'assicurazione crediti Belsura?<\/h2>\n                <p class=\"medium\">In esclusiva su FinanceScout24: Contatta semplicemente il nostro team di consulenti crediti \u2013 riceverai anche una consulenza gratuita e non vincolante e potrai richiedere immediatamente un prestito, se necessario.<\/p>\n                <p class=\"medium\"><\/p>\n                <div class=\"whats-next_contact\">\n                    <div class=\"whats-next_mail\">\n                        <img decoding=\"async\" src=\"https:\/\/www.belsura.ch\/wp-content\/uploads\/2025\/03\/email.svg\" alt=\"\">\n                        <p class=\"medium\">Inviaci la tua richiesta \n via e-mail<\/p>\n                    <\/div>\n                    <div class=\"whats-next_phone\">\n                        <img decoding=\"async\" src=\"https:\/\/www.belsura.ch\/wp-content\/uploads\/2025\/03\/phone.svg\" alt=\"\">\n                        <p class=\"medium\">Chiamaci al \n +41 43 543 81 80<\/p>\n                    <\/div>\n                <\/div>\n                <div class=\"belsura-specialties_buttons\">\n                    <a href=\"https:\/\/www.financescout24.ch\/de\/lp\/kredit\/team\" class=\"primary\">Consulenza personalizzata<\/a>\n                    <a href=\"https:\/\/www.financescout24.ch\/de\/lp\/kredit\/team\" class=\"tertiary\">Al team consulenti<\/a>\n                <\/div>\n            <\/div>\n        <\/div>[\/vc_column][\/vc_row][vc_row][vc_column][vc_raw_js]JTNDc2NyaXB0JTNFJTBBY29uc3QlMjBzaGFwZTElMjAlM0QlMjBkb2N1bWVudC5jcmVhdGVFbGVtZW50JTI4JTI3aW1nJTI3JTI5JTNCJTBBY29uc3QlMjBzaGFwZTIlMjAlM0QlMjBkb2N1bWVudC5jcmVhdGVFbGVtZW50JTI4JTI3aW1nJTI3JTI5JTNCJTBBJTBBc2hhcGUxLnNyYyUyMCUzRCUyMCUyNyUyRndwLWNvbnRlbnQlMkZ0aGVtZXMlMkZiZWxzdXJhJTJGYXNzZXRzJTJGaW1hZ2VzJTJGc2hhcGUtcmlnaHQuc3ZnJTI3JTNCJTBBc2hhcGUxLmFsdCUyMCUzRCUyMCUyNyUyNyUzQiUwQXNoYXBlMS5jbGFzc0xpc3QuYWRkJTI4JTI3c2hhcGUtcmlnaHQlMjclMjklM0IlMEFzaGFwZTEuc3R5bGUudG9wJTIwJTNEJTIwJTI3MTQwcHglMjclM0IlMEElMEFzaGFwZTIuc3JjJTIwJTNEJTIwJTI3JTJGd3AtY29udGVudCUyRnRoZW1lcyUyRmJlbHN1cmElMkZhc3NldHMlMkZpbWFnZXMlMkZzaGFwZS1sZWZ0LnN2ZyUyNyUzQiUwQXNoYXBlMi5hbHQlMjAlM0QlMjAlMjclMjclM0IlMEFzaGFwZTIuY2xhc3NMaXN0LmFkZCUyOCUyN3NoYXBlLWxlZnQlMjclMjklM0IlMEFzaGFwZTIuc3R5bGUudG9wJTIwJTNEJTIwJTI3LTYwJTI1JTI3JTNCJTBBJTBBZG9jdW1lbnQucXVlcnlTZWxlY3RvciUyOCUyNyUyM2NvdmVyYWdlcyUyNyUyOS5hcHBlbmRDaGlsZCUyOHNoYXBlMSUyOSUzQiUwQWRvY3VtZW50LnF1ZXJ5U2VsZWN0b3IlMjglMjclMjNmYXElMjclMjkuYXBwZW5kQ2hpbGQlMjhzaGFwZTIlMjklM0IlMEElM0MlMkZzY3JpcHQlM0U=[\/vc_raw_js][\/vc_column][\/vc_row]<\/p>\n<\/div>","protected":false},"excerpt":{"rendered":"<p>[vc_row][vc_column][\/vc_column][\/vc_row][vc_row][vc_column][vc_raw_js]JTNDc2NyaXB0JTNFJTBBY29uc3QlMjBzaGFwZTElMjAlM0QlMjBkb2N1bWVudC5jcmVhdGVFbGVtZW50JTI4JTI3aW1nJTI3JTI5JTNCJTBBY29uc3QlMjBzaGFwZTIlMjAlM0QlMjBkb2N1bWVudC5jcmVhdGVFbGVtZW50JTI4JTI3aW1nJTI3JTI5JTNCJTBBJTBBc2hhcGUxLnNyYyUyMCUzRCUyMCUyNyUyRndwLWNvbnRlbnQlMkZ0aGVtZXMlMkZiZWxzdXJhJTJGYXNzZXRzJTJGaW1hZ2VzJTJGc2hhcGUtcmlnaHQuc3ZnJTI3JTNCJTBBc2hhcGUxLmFsdCUyMCUzRCUyMCUyNyUyNyUzQiUwQXNoYXBlMS5jbGFzc0xpc3QuYWRkJTI4JTI3c2hhcGUtcmlnaHQlMjclMjklM0IlMEFzaGFwZTEuc3R5bGUudG9wJTIwJTNEJTIwJTI3MTQwcHglMjclM0IlMEElMEFzaGFwZTIuc3JjJTIwJTNEJTIwJTI3JTJGd3AtY29udGVudCUyRnRoZW1lcyUyRmJlbHN1cmElMkZhc3NldHMlMkZpbWFnZXMlMkZzaGFwZS1sZWZ0LnN2ZyUyNyUzQiUwQXNoYXBlMi5hbHQlMjAlM0QlMjAlMjclMjclM0IlMEFzaGFwZTIuY2xhc3NMaXN0LmFkZCUyOCUyN3NoYXBlLWxlZnQlMjclMjklM0IlMEFzaGFwZTIuc3R5bGUudG9wJTIwJTNEJTIwJTI3LTYwJTI1JTI3JTNCJTBBJTBBZG9jdW1lbnQucXVlcnlTZWxlY3RvciUyOCUyNyUyM2NvdmVyYWdlcyUyNyUyOS5hcHBlbmRDaGlsZCUyOHNoYXBlMSUyOSUzQiUwQWRvY3VtZW50LnF1ZXJ5U2VsZWN0b3IlMjglMjclMjNmYXElMjclMjkuYXBwZW5kQ2hpbGQlMjhzaGFwZTIlMjklM0IlMEElM0MlMkZzY3JpcHQlM0U=[\/vc_raw_js][\/vc_column][\/vc_row]<\/p>\n","protected":false},"author":11,"featured_media":0,"parent":0,"menu_order":0,"comment_status":"closed","ping_status":"closed","template":"","meta":{"footnotes":""},"class_list":["post-1401","page","type-page","status-publish","hentry"],"yoast_head":"<!-- This site is optimized with the Yoast SEO plugin v27.1.1 - https:\/\/yoast.com\/product\/yoast-seo-wordpress\/ -->\n<title>Assicurazione credito - Belsura<\/title>\n<meta name=\"description\" content=\"Assicurazione credito Belsura - Massima protezione nei momenti difficili - Proteggi le tue rate del credito in caso di disoccupazione, incapacit\u00e0 lavorativa o decesso. Sottoscrivi online subito!\" \/>\n<meta name=\"robots\" content=\"index, follow, max-snippet:-1, max-image-preview:large, max-video-preview:-1\" \/>\n<link rel=\"canonical\" href=\"https:\/\/www.belsura.ch\/de\/kreditversicherung\/\" \/>\n<meta name=\"twitter:label1\" content=\"Tempo di lettura stimato\" \/>\n\t<meta name=\"twitter:data1\" content=\"2 minuti\" \/>\n<script type=\"application\/ld+json\" class=\"yoast-schema-graph\">{\"@context\":\"https:\/\/schema.org\",\"@graph\":[{\"@type\":\"WebPage\",\"@id\":\"https:\/\/www.belsura.ch\/de\/kreditversicherung\/\",\"url\":\"https:\/\/www.belsura.ch\/de\/kreditversicherung\/\",\"name\":\"Assicurazione credito - Belsura\",\"isPartOf\":{\"@id\":\"https:\/\/www.belsura.ch\/de\/#website\"},\"datePublished\":\"2025-03-19T10:41:28+00:00\",\"dateModified\":\"2025-05-06T14:15:27+00:00\",\"description\":\"Assicurazione credito Belsura - Massima protezione nei momenti difficili - Proteggi le tue rate del credito in caso di disoccupazione, incapacit\u00e0 lavorativa o decesso. Sottoscrivi online subito!\",\"breadcrumb\":{\"@id\":\"https:\/\/www.belsura.ch\/de\/kreditversicherung\/#breadcrumb\"},\"inLanguage\":\"it-IT\",\"potentialAction\":[{\"@type\":\"ReadAction\",\"target\":[\"https:\/\/www.belsura.ch\/de\/kreditversicherung\/\"]}]},{\"@type\":\"BreadcrumbList\",\"@id\":\"https:\/\/www.belsura.ch\/de\/kreditversicherung\/#breadcrumb\",\"itemListElement\":[{\"@type\":\"ListItem\",\"position\":1,\"name\":\"Startseite\",\"item\":\"https:\/\/www.belsura.ch\/it\/\"},{\"@type\":\"ListItem\",\"position\":2,\"name\":\"Assicurazione credito\"}]},{\"@type\":\"WebSite\",\"@id\":\"https:\/\/www.belsura.ch\/de\/#website\",\"url\":\"https:\/\/www.belsura.ch\/de\/\",\"name\":\"Belsura\",\"description\":\"Assicurazione auto Belsura\",\"publisher\":{\"@id\":\"https:\/\/www.belsura.ch\/de\/#organization\"},\"potentialAction\":[{\"@type\":\"SearchAction\",\"target\":{\"@type\":\"EntryPoint\",\"urlTemplate\":\"https:\/\/www.belsura.ch\/de\/?s={search_term_string}\"},\"query-input\":{\"@type\":\"PropertyValueSpecification\",\"valueRequired\":true,\"valueName\":\"search_term_string\"}}],\"inLanguage\":\"it-IT\"},{\"@type\":\"Organization\",\"@id\":\"https:\/\/www.belsura.ch\/de\/#organization\",\"name\":\"Belsura\",\"url\":\"https:\/\/www.belsura.ch\/de\/\",\"logo\":{\"@type\":\"ImageObject\",\"inLanguage\":\"it-IT\",\"@id\":\"https:\/\/www.belsura.ch\/de\/#\/schema\/logo\/image\/\",\"url\":\"https:\/\/www.belsura.ch\/wp-content\/uploads\/2022\/08\/belsura_i2.png\",\"contentUrl\":\"https:\/\/www.belsura.ch\/wp-content\/uploads\/2022\/08\/belsura_i2.png\",\"width\":1170,\"height\":260,\"caption\":\"Belsura\"},\"image\":{\"@id\":\"https:\/\/www.belsura.ch\/de\/#\/schema\/logo\/image\/\"}}]}<\/script>\n<!-- \/ Yoast SEO plugin. -->","yoast_head_json":{"title":"Assicurazione credito - Belsura","description":"Assicurazione credito Belsura - Massima protezione nei momenti difficili - Proteggi le tue rate del credito in caso di disoccupazione, incapacit\u00e0 lavorativa o decesso. Sottoscrivi online subito!","robots":{"index":"index","follow":"follow","max-snippet":"max-snippet:-1","max-image-preview":"max-image-preview:large","max-video-preview":"max-video-preview:-1"},"canonical":"https:\/\/www.belsura.ch\/de\/kreditversicherung\/","twitter_misc":{"Tempo di lettura stimato":"2 minuti"},"schema":{"@context":"https:\/\/schema.org","@graph":[{"@type":"WebPage","@id":"https:\/\/www.belsura.ch\/de\/kreditversicherung\/","url":"https:\/\/www.belsura.ch\/de\/kreditversicherung\/","name":"Assicurazione credito - Belsura","isPartOf":{"@id":"https:\/\/www.belsura.ch\/de\/#website"},"datePublished":"2025-03-19T10:41:28+00:00","dateModified":"2025-05-06T14:15:27+00:00","description":"Assicurazione credito Belsura - Massima protezione nei momenti difficili - Proteggi le tue rate del credito in caso di disoccupazione, incapacit\u00e0 lavorativa o decesso. Sottoscrivi online subito!","breadcrumb":{"@id":"https:\/\/www.belsura.ch\/de\/kreditversicherung\/#breadcrumb"},"inLanguage":"it-IT","potentialAction":[{"@type":"ReadAction","target":["https:\/\/www.belsura.ch\/de\/kreditversicherung\/"]}]},{"@type":"BreadcrumbList","@id":"https:\/\/www.belsura.ch\/de\/kreditversicherung\/#breadcrumb","itemListElement":[{"@type":"ListItem","position":1,"name":"Startseite","item":"https:\/\/www.belsura.ch\/it\/"},{"@type":"ListItem","position":2,"name":"Assicurazione credito"}]},{"@type":"WebSite","@id":"https:\/\/www.belsura.ch\/de\/#website","url":"https:\/\/www.belsura.ch\/de\/","name":"Belsura","description":"Assicurazione auto Belsura","publisher":{"@id":"https:\/\/www.belsura.ch\/de\/#organization"},"potentialAction":[{"@type":"SearchAction","target":{"@type":"EntryPoint","urlTemplate":"https:\/\/www.belsura.ch\/de\/?s={search_term_string}"},"query-input":{"@type":"PropertyValueSpecification","valueRequired":true,"valueName":"search_term_string"}}],"inLanguage":"it-IT"},{"@type":"Organization","@id":"https:\/\/www.belsura.ch\/de\/#organization","name":"Belsura","url":"https:\/\/www.belsura.ch\/de\/","logo":{"@type":"ImageObject","inLanguage":"it-IT","@id":"https:\/\/www.belsura.ch\/de\/#\/schema\/logo\/image\/","url":"https:\/\/www.belsura.ch\/wp-content\/uploads\/2022\/08\/belsura_i2.png","contentUrl":"https:\/\/www.belsura.ch\/wp-content\/uploads\/2022\/08\/belsura_i2.png","width":1170,"height":260,"caption":"Belsura"},"image":{"@id":"https:\/\/www.belsura.ch\/de\/#\/schema\/logo\/image\/"}}]}},"_links":{"self":[{"href":"https:\/\/www.belsura.ch\/it\/wp-json\/wp\/v2\/pages\/1401","targetHints":{"allow":["GET"]}}],"collection":[{"href":"https:\/\/www.belsura.ch\/it\/wp-json\/wp\/v2\/pages"}],"about":[{"href":"https:\/\/www.belsura.ch\/it\/wp-json\/wp\/v2\/types\/page"}],"author":[{"embeddable":true,"href":"https:\/\/www.belsura.ch\/it\/wp-json\/wp\/v2\/users\/11"}],"replies":[{"embeddable":true,"href":"https:\/\/www.belsura.ch\/it\/wp-json\/wp\/v2\/comments?post=1401"}],"version-history":[{"count":0,"href":"https:\/\/www.belsura.ch\/it\/wp-json\/wp\/v2\/pages\/1401\/revisions"}],"wp:attachment":[{"href":"https:\/\/www.belsura.ch\/it\/wp-json\/wp\/v2\/media?parent=1401"}],"curies":[{"name":"wp","href":"https:\/\/api.w.org\/{rel}","templated":true}]}}