{"id":1398,"date":"2025-03-19T10:41:28","date_gmt":"2025-03-19T10:41:28","guid":{"rendered":"https:\/\/belsuradev.wpengine.com\/?page_id=1398"},"modified":"2025-05-06T14:14:52","modified_gmt":"2025-05-06T14:14:52","slug":"assurance-credit","status":"publish","type":"page","link":"https:\/\/www.belsura.ch\/fr\/assurance-credit\/","title":{"rendered":"Assurance cr\u00e9dit"},"content":{"rendered":"<div class=\"wpb-content-wrapper\"><p>[vc_row][vc_column]\n        <div class=\"belsura-specialties bg-green\">\n            <div class=\"container\">\n                <h2 class=\"belsura-specialties_heading\">Vos avantages en un coup d'\u0153il<\/h2>\n                <div class=\"belsura-specialties_items\">\n                    <div class=\"belsura-specialties_item\">\n                        <img decoding=\"async\" src=\"https:\/\/www.belsura.ch\/wp-content\/uploads\/2025\/03\/verified.svg\" alt=\"\">\n                        <p class=\"medium\"><b>Co\u00fbt r\u00e9duit<\/b> <br>\u2013<br> pour la garantie que vos mensualit\u00e9s de cr\u00e9dit seront prises en charge<\/p>\n                    <\/div>\n                    <div class=\"belsura-specialties_item\">\n                        <img decoding=\"async\" src=\"https:\/\/www.belsura.ch\/wp-content\/uploads\/2025\/03\/umbrella.svg\" alt=\"\">\n                        <p class=\"medium\"><b>S'applique en cas d'incapacit\u00e9 de travail<\/b> <br>\u2013<br> due \u00e0 un accident ainsi qu'en cas de ch\u00f4mage involontaire<\/p>\n                    <\/div>\n                    <div class=\"belsura-specialties_item\">\n                        <img decoding=\"async\" src=\"https:\/\/www.belsura.ch\/wp-content\/uploads\/2025\/03\/flowers.svg\" alt=\"\">\n                        <p class=\"medium\"><b>Prot\u00e8ge aussi votre famille<\/b> <br>\u2013<br> en cas de d\u00e9c\u00e8s, Belsura prend en charge le remboursement du cr\u00e9dit h\u00e9rit\u00e9 par vos proches<\/p>\n                    <\/div>\n\t\t\t\t<\/div>\n                <div class=\"belsura-specialties_buttons\">\n                    <a href=\"#contact\" class=\"primary\">Conseil personnalis\u00e9<\/a>\n                    <a href=\"#coverages\" class=\"tertiary\">D\u00e9tails de l'assurance<\/a>\n                <\/div>\n            <\/div>\n        <\/div>\n        <div id=\"coverages\" class=\"component-section\">\n            <div class=\"container\">\n                <h2>Quels sont les \u00e9l\u00e9ments d'une assurance cr\u00e9dit Belsura?<\/h2>\n\t\t        <p>Chez Belsura, nous recommandons <i>\u00abHope for the best, but prepare for the worst\u00bb<\/i>. Avec une assurance protection des mensualit\u00e9s, vous pouvez amortir le risque d'insolvabilit\u00e9. Elle co\u00fbte peu et prend en charge le remboursement de vos mensualit\u00e9s de cr\u00e9dit en cas de ch\u00f4mage, d'incapacit\u00e9 de gain ou de d\u00e9c\u00e8s.<\/p>\n                <div class=\"component_items\">\n                    <div id=\"item_1\" class=\"component_item\">\n                        <div class=\"component-item_header\">\n                            <h3>Ch\u00f4mage<\/h3>\n                            <div>\n                                <button class=\"component-button-plus\"><\/button>\n                                <button class=\"component-button-minus\"><\/button>\n                            <\/div>\n                        <\/div>\n                        <p>En cas de ch\u00f4mage involontaire \u00e0 100 %, vous \u00eates parfaitement couvert. Le paiement de vos mensualit\u00e9s de cr\u00e9dit sera pris en charge par l'assurance cr\u00e9dit Belsura jusqu'\u00e0 CHF 4'000 par mois.<\/p>\n\n                    <\/div>\n                    <div id=\"item_2\" class=\"component_item\">\n                        <div class=\"component-item_header\">\n                            <h3>Incapacit\u00e9 de gain<\/h3>\n                            <div>\n                                <button class=\"component-button-plus\"><\/button>\n                                <button class=\"component-button-minus\"><\/button>\n                            <\/div>\n                        <\/div>\n                        <p>Si vous devenez incapable de travailler, l'assurance cr\u00e9dit Belsura vous aide. Elle couvre jusqu'\u00e0 CHF 4'000 de votre mensualit\u00e9 de cr\u00e9dit par mois. Cette couverture s'applique si votre maladie ou accident entra\u00eene une r\u00e9duction ou une absence de salaire de votre employeur.<\/p>\n\n                    <\/div>\n                    <div id=\"item_3\" class=\"component_item\">\n                        <div class=\"component-item_header\">\n                            <h3>Solde restant d\u00fb en cas de d\u00e9c\u00e8s<\/h3>\n                            <div>\n                                <button class=\"component-button-plus\"><\/button>\n                                <button class=\"component-button-minus\"><\/button>\n                            <\/div>\n                        <\/div>\n                        <p>Si vous d\u00e9c\u00e9dez \u00e0 la suite d'un accident ou d'une maladie, l'assurance cr\u00e9dit Belsura rembourse la dette restante jusqu'\u00e0 CHF 100'000 ou jusqu'au montant indiqu\u00e9 dans votre confirmation d'assurance. Le montant le plus bas entre les deux sera appliqu\u00e9.<\/p>\n\n                    <\/div>\n                <\/div>\n            <\/div>\n        <\/div>\n        <div class=\"container\">\n            <div class=\"suitable \">\n                <div class=\"suitable_info\">\n                    <h3>Toujours des doutes?<\/h3>\n                    <p class=\"base\">L'\u00e9quipe de conseillers de FinanceScout24 vous accompagne au +41 58 219 89 05.<\/p>\n                    <div class=\"suitable_info_button\">\n\t\t\t\t\t    <div class=\"belsura-specialties_buttons\">\n                    \t    <a href=\"#contact\" class=\"primary\">Conseil personnalis\u00e9<\/a>\n                            <a href=\"#faq\" class=\"secondary\">Voir la FAQ<\/a>\n                        <\/div>\n                    <\/div>\n                <\/div>\n                <div class=\"suitable_img\">\n                    <img decoding=\"async\" src=\"https:\/\/www.belsura.ch\/wp-content\/uploads\/2025\/03\/coin-1.png\" alt=\"\">\n                <\/div>\n            <\/div>\n        <\/div>\n        <div id=\"faq\" class=\"component-section\">\n            <div class=\"container\">\n                <h2>Vous avez encore des questions?<\/h2>\n\t\t        <p><\/p>\n                <div class=\"component_items\">\n                    <div id=\"item_1\" class=\"component_item\">\n                        <div class=\"component-item_header\">\n                            <h3>Puis-je souscrire ult\u00e9rieurement une assurance pour s\u00e9curiser mes mensualit\u00e9s?<\/h3>\n                            <div>\n                                <button class=\"component-button-plus\"><\/button>\n                                <button class=\"component-button-minus\"><\/button>\n                            <\/div>\n                        <\/div>\n                        <p>Une souscription ult\u00e9rieure n'est pas possible si votre contrat de cr\u00e9dit est d\u00e9j\u00e0 en cours.<\/p>\n\n                    <\/div>\n                    <div id=\"item_2\" class=\"component_item\">\n                        <div class=\"component-item_header\">\n                            <h3>O\u00f9 et comment puis-je souscrire l&rsquo;assurance?<\/h3>\n                            <div>\n                                <button class=\"component-button-plus\"><\/button>\n                                <button class=\"component-button-minus\"><\/button>\n                            <\/div>\n                        <\/div>\n                        <p>Vous pouvez souscrire l'assurance cr\u00e9dit Belsura exclusivement via FinanceScout24. Contactez-nous facilement <a href=\"https:\/\/www.financescout24.ch\/de\/lp\/kredit\/team\">ici<\/a> ou par t\u00e9l\u00e9phone au +41 58 219 89 05 avec l'\u00e9quipe de conseillers FinanceScout24.<\/p>\n\n                    <\/div>\n                    <div id=\"item_3\" class=\"component_item\">\n                        <div class=\"component-item_header\">\n                            <h3>L&rsquo;assurance me couvre-t-elle \u00e9galement en tant qu&rsquo;ind\u00e9pendant?<\/h3>\n                            <div>\n                                <button class=\"component-button-plus\"><\/button>\n                                <button class=\"component-button-minus\"><\/button>\n                            <\/div>\n                        <\/div>\n                        <p>Actuellement, l'assurance est uniquement propos\u00e9e aux salari\u00e9s.<\/p>\n\n                    <\/div>\n                    <div id=\"item_4\" class=\"component_item\">\n                        <div class=\"component-item_header\">\n                            <h3>Que faire en cas de sinistre?<\/h3>\n                            <div>\n                                <button class=\"component-button-plus\"><\/button>\n                                <button class=\"component-button-minus\"><\/button>\n                            <\/div>\n                        <\/div>\n                        <p>Si un sinistre couvert survient, il doit \u00eatre d\u00e9clar\u00e9 imm\u00e9diatement (au plus tard 14 jours apr\u00e8s l'\u00e9v\u00e9nement, ou dans les 30 jours en cas de d\u00e9c\u00e8s). La d\u00e9claration du sinistre se fait comme suit:<\/p>\n<ol>\n<li>D\u00e9claration imm\u00e9diate du sinistre.<\/li>\n<li>Suivre les indications sur <a href=\"https:\/\/www.belsura.ch\">belsura.ch<\/a> ou appeler le num\u00e9ro suivant +41 43 543 81 80.<\/li>\n<li>Soumission des pi\u00e8ces justificatives demand\u00e9es et remplissage du formulaire de d\u00e9claration de sinistre.<\/li>\n<\/ol>\n\n                    <\/div>\n                    <div id=\"item_5\" class=\"component_item\">\n                        <div class=\"component-item_header\">\n                            <h3>Que faire si mon contrat de cr\u00e9dit change?<\/h3>\n                            <div>\n                                <button class=\"component-button-plus\"><\/button>\n                                <button class=\"component-button-minus\"><\/button>\n                            <\/div>\n                        <\/div>\n                        <p>Vous devez informer imm\u00e9diatement Belsura si:<\/p>\n<ul>\n<li>Un \u00e9v\u00e9nement met fin \u00e0 votre couverture d'assurance. Le contrat sera alors r\u00e9sili\u00e9 \u00e0 la date de l'\u00e9v\u00e9nement. Selon le cas, un nouveau contrat peut \u00eatre \u00e9tabli.<\/li>\n<li>Les paiements r\u00e9guliers cessent.<\/li>\n<li>Les paiements r\u00e9guliers changent, par exemple si le montant de votre cr\u00e9dit augmente ou diminue.<\/li>\n<\/ul>\n<p>Dans ces cas, contactez imm\u00e9diatement <a href=\"mailto:service@belsura.ch\">service@belsura.ch<\/a> ou envoyez un courrier \u00e0:<\/p>\n<p>Belsura c\/o TONI Digital Insurance Solutions AG<br \/>\nSeefeldstrasse 5A<br \/>\nCH-8008 Zurich<\/p>\n\n                    <\/div>\n                <\/div>\n            <\/div>\n        <\/div>\n        <div id=\"contact\" class=\"whats-next\">\n            <div class=\"container\">\n                <h2>O\u00f9 peut-on souscrire l'assurance cr\u00e9dit Belsura?<\/h2>\n                <p class=\"medium\">Exclusivement chez FinanceScout24: Contactez simplement notre \u00e9quipe de conseillers en cr\u00e9dit \u2013 vous recevrez une consultation gratuite et sans engagement, et pourrez souscrire directement si vous le souhaitez.<\/p>\n                <p class=\"medium\"><\/p>\n                <div class=\"whats-next_contact\">\n                    <div class=\"whats-next_mail\">\n                        <img decoding=\"async\" src=\"https:\/\/www.belsura.ch\/wp-content\/uploads\/2025\/03\/email.svg\" alt=\"\">\n                        <p class=\"medium\">\u00c9crivez-nous votre demande par e-mail<\/p>\n                    <\/div>\n                    <div class=\"whats-next_phone\">\n                        <img decoding=\"async\" src=\"https:\/\/www.belsura.ch\/wp-content\/uploads\/2025\/03\/phone.svg\" alt=\"\">\n                        <p class=\"medium\">Appelez-nous au \n +41 43 543 81 80<\/p>\n                    <\/div>\n                <\/div>\n                <div class=\"belsura-specialties_buttons\">\n                    <a href=\"https:\/\/www.financescout24.ch\/de\/lp\/kredit\/team\" class=\"primary\">Conseil personnalis\u00e9<\/a>\n                    <a href=\"https:\/\/www.financescout24.ch\/de\/lp\/kredit\/team\" class=\"tertiary\">Vers l'\u00e9quipe de conseillers<\/a>\n                <\/div>\n            <\/div>\n        <\/div>[\/vc_column][\/vc_row][vc_row][vc_column][vc_raw_js]JTNDc2NyaXB0JTNFJTBBY29uc3QlMjBzaGFwZTElMjAlM0QlMjBkb2N1bWVudC5jcmVhdGVFbGVtZW50JTI4JTI3aW1nJTI3JTI5JTNCJTBBY29uc3QlMjBzaGFwZTIlMjAlM0QlMjBkb2N1bWVudC5jcmVhdGVFbGVtZW50JTI4JTI3aW1nJTI3JTI5JTNCJTBBJTBBc2hhcGUxLnNyYyUyMCUzRCUyMCUyNyUyRndwLWNvbnRlbnQlMkZ0aGVtZXMlMkZiZWxzdXJhJTJGYXNzZXRzJTJGaW1hZ2VzJTJGc2hhcGUtcmlnaHQuc3ZnJTI3JTNCJTBBc2hhcGUxLmFsdCUyMCUzRCUyMCUyNyUyNyUzQiUwQXNoYXBlMS5jbGFzc0xpc3QuYWRkJTI4JTI3c2hhcGUtcmlnaHQlMjclMjklM0IlMEFzaGFwZTEuc3R5bGUudG9wJTIwJTNEJTIwJTI3MTQwcHglMjclM0IlMEElMEFzaGFwZTIuc3JjJTIwJTNEJTIwJTI3JTJGd3AtY29udGVudCUyRnRoZW1lcyUyRmJlbHN1cmElMkZhc3NldHMlMkZpbWFnZXMlMkZzaGFwZS1sZWZ0LnN2ZyUyNyUzQiUwQXNoYXBlMi5hbHQlMjAlM0QlMjAlMjclMjclM0IlMEFzaGFwZTIuY2xhc3NMaXN0LmFkZCUyOCUyN3NoYXBlLWxlZnQlMjclMjklM0IlMEFzaGFwZTIuc3R5bGUudG9wJTIwJTNEJTIwJTI3LTYwJTI1JTI3JTNCJTBBJTBBZG9jdW1lbnQucXVlcnlTZWxlY3RvciUyOCUyNyUyM2NvdmVyYWdlcyUyNyUyOS5hcHBlbmRDaGlsZCUyOHNoYXBlMSUyOSUzQiUwQWRvY3VtZW50LnF1ZXJ5U2VsZWN0b3IlMjglMjclMjNmYXElMjclMjkuYXBwZW5kQ2hpbGQlMjhzaGFwZTIlMjklM0IlMEElM0MlMkZzY3JpcHQlM0U=[\/vc_raw_js][\/vc_column][\/vc_row]<\/p>\n<\/div>","protected":false},"excerpt":{"rendered":"<p>[vc_row][vc_column][\/vc_column][\/vc_row][vc_row][vc_column][vc_raw_js]JTNDc2NyaXB0JTNFJTBBY29uc3QlMjBzaGFwZTElMjAlM0QlMjBkb2N1bWVudC5jcmVhdGVFbGVtZW50JTI4JTI3aW1nJTI3JTI5JTNCJTBBY29uc3QlMjBzaGFwZTIlMjAlM0QlMjBkb2N1bWVudC5jcmVhdGVFbGVtZW50JTI4JTI3aW1nJTI3JTI5JTNCJTBBJTBBc2hhcGUxLnNyYyUyMCUzRCUyMCUyNyUyRndwLWNvbnRlbnQlMkZ0aGVtZXMlMkZiZWxzdXJhJTJGYXNzZXRzJTJGaW1hZ2VzJTJGc2hhcGUtcmlnaHQuc3ZnJTI3JTNCJTBBc2hhcGUxLmFsdCUyMCUzRCUyMCUyNyUyNyUzQiUwQXNoYXBlMS5jbGFzc0xpc3QuYWRkJTI4JTI3c2hhcGUtcmlnaHQlMjclMjklM0IlMEFzaGFwZTEuc3R5bGUudG9wJTIwJTNEJTIwJTI3MTQwcHglMjclM0IlMEElMEFzaGFwZTIuc3JjJTIwJTNEJTIwJTI3JTJGd3AtY29udGVudCUyRnRoZW1lcyUyRmJlbHN1cmElMkZhc3NldHMlMkZpbWFnZXMlMkZzaGFwZS1sZWZ0LnN2ZyUyNyUzQiUwQXNoYXBlMi5hbHQlMjAlM0QlMjAlMjclMjclM0IlMEFzaGFwZTIuY2xhc3NMaXN0LmFkZCUyOCUyN3NoYXBlLWxlZnQlMjclMjklM0IlMEFzaGFwZTIuc3R5bGUudG9wJTIwJTNEJTIwJTI3LTYwJTI1JTI3JTNCJTBBJTBBZG9jdW1lbnQucXVlcnlTZWxlY3RvciUyOCUyNyUyM2NvdmVyYWdlcyUyNyUyOS5hcHBlbmRDaGlsZCUyOHNoYXBlMSUyOSUzQiUwQWRvY3VtZW50LnF1ZXJ5U2VsZWN0b3IlMjglMjclMjNmYXElMjclMjkuYXBwZW5kQ2hpbGQlMjhzaGFwZTIlMjklM0IlMEElM0MlMkZzY3JpcHQlM0U=[\/vc_raw_js][\/vc_column][\/vc_row]<\/p>\n","protected":false},"author":11,"featured_media":0,"parent":0,"menu_order":0,"comment_status":"closed","ping_status":"closed","template":"","meta":{"footnotes":""},"class_list":["post-1398","page","type-page","status-publish","hentry"],"yoast_head":"<!-- This site is optimized with the Yoast SEO plugin v27.1.1 - https:\/\/yoast.com\/product\/yoast-seo-wordpress\/ -->\n<title>Assurance cr\u00e9dit - Belsura<\/title>\n<meta name=\"description\" content=\"Assurance cr\u00e9dit Belsura - Une protection optimale en p\u00e9riode difficile - Prot\u00e9gez vos mensualit\u00e9s de cr\u00e9dit en cas de ch\u00f4mage, d&#039;incapacit\u00e9 de gain ou de d\u00e9c\u00e8s. Souscrivez en ligne d\u00e8s maintenant!\" \/>\n<meta name=\"robots\" content=\"index, follow, max-snippet:-1, max-image-preview:large, max-video-preview:-1\" \/>\n<link rel=\"canonical\" href=\"https:\/\/www.belsura.ch\/de\/kreditversicherung\/\" \/>\n<meta name=\"twitter:label1\" content=\"Dur\u00e9e de lecture estim\u00e9e\" \/>\n\t<meta name=\"twitter:data1\" content=\"2 minutes\" \/>\n<script type=\"application\/ld+json\" class=\"yoast-schema-graph\">{\"@context\":\"https:\/\/schema.org\",\"@graph\":[{\"@type\":\"WebPage\",\"@id\":\"https:\/\/www.belsura.ch\/de\/kreditversicherung\/\",\"url\":\"https:\/\/www.belsura.ch\/de\/kreditversicherung\/\",\"name\":\"Assurance cr\u00e9dit - Belsura\",\"isPartOf\":{\"@id\":\"https:\/\/www.belsura.ch\/de\/#website\"},\"datePublished\":\"2025-03-19T10:41:28+00:00\",\"dateModified\":\"2025-05-06T14:14:52+00:00\",\"description\":\"Assurance cr\u00e9dit Belsura - Une protection optimale en p\u00e9riode difficile - Prot\u00e9gez vos mensualit\u00e9s de cr\u00e9dit en cas de ch\u00f4mage, d'incapacit\u00e9 de gain ou de d\u00e9c\u00e8s. Souscrivez en ligne d\u00e8s maintenant!\",\"breadcrumb\":{\"@id\":\"https:\/\/www.belsura.ch\/de\/kreditversicherung\/#breadcrumb\"},\"inLanguage\":\"fr-FR\",\"potentialAction\":[{\"@type\":\"ReadAction\",\"target\":[\"https:\/\/www.belsura.ch\/de\/kreditversicherung\/\"]}]},{\"@type\":\"BreadcrumbList\",\"@id\":\"https:\/\/www.belsura.ch\/de\/kreditversicherung\/#breadcrumb\",\"itemListElement\":[{\"@type\":\"ListItem\",\"position\":1,\"name\":\"Startseite\",\"item\":\"https:\/\/www.belsura.ch\/fr\/\"},{\"@type\":\"ListItem\",\"position\":2,\"name\":\"Assurance cr\u00e9dit\"}]},{\"@type\":\"WebSite\",\"@id\":\"https:\/\/www.belsura.ch\/de\/#website\",\"url\":\"https:\/\/www.belsura.ch\/de\/\",\"name\":\"Belsura\",\"description\":\"L'assurance auto Belsura\",\"publisher\":{\"@id\":\"https:\/\/www.belsura.ch\/de\/#organization\"},\"potentialAction\":[{\"@type\":\"SearchAction\",\"target\":{\"@type\":\"EntryPoint\",\"urlTemplate\":\"https:\/\/www.belsura.ch\/de\/?s={search_term_string}\"},\"query-input\":{\"@type\":\"PropertyValueSpecification\",\"valueRequired\":true,\"valueName\":\"search_term_string\"}}],\"inLanguage\":\"fr-FR\"},{\"@type\":\"Organization\",\"@id\":\"https:\/\/www.belsura.ch\/de\/#organization\",\"name\":\"Belsura\",\"url\":\"https:\/\/www.belsura.ch\/de\/\",\"logo\":{\"@type\":\"ImageObject\",\"inLanguage\":\"fr-FR\",\"@id\":\"https:\/\/www.belsura.ch\/de\/#\/schema\/logo\/image\/\",\"url\":\"https:\/\/www.belsura.ch\/wp-content\/uploads\/2022\/08\/belsura_i2.png\",\"contentUrl\":\"https:\/\/www.belsura.ch\/wp-content\/uploads\/2022\/08\/belsura_i2.png\",\"width\":1170,\"height\":260,\"caption\":\"Belsura\"},\"image\":{\"@id\":\"https:\/\/www.belsura.ch\/de\/#\/schema\/logo\/image\/\"}}]}<\/script>\n<!-- \/ Yoast SEO plugin. -->","yoast_head_json":{"title":"Assurance cr\u00e9dit - Belsura","description":"Assurance cr\u00e9dit Belsura - Une protection optimale en p\u00e9riode difficile - Prot\u00e9gez vos mensualit\u00e9s de cr\u00e9dit en cas de ch\u00f4mage, d'incapacit\u00e9 de gain ou de d\u00e9c\u00e8s. Souscrivez en ligne d\u00e8s maintenant!","robots":{"index":"index","follow":"follow","max-snippet":"max-snippet:-1","max-image-preview":"max-image-preview:large","max-video-preview":"max-video-preview:-1"},"canonical":"https:\/\/www.belsura.ch\/de\/kreditversicherung\/","twitter_misc":{"Dur\u00e9e de lecture estim\u00e9e":"2 minutes"},"schema":{"@context":"https:\/\/schema.org","@graph":[{"@type":"WebPage","@id":"https:\/\/www.belsura.ch\/de\/kreditversicherung\/","url":"https:\/\/www.belsura.ch\/de\/kreditversicherung\/","name":"Assurance cr\u00e9dit - Belsura","isPartOf":{"@id":"https:\/\/www.belsura.ch\/de\/#website"},"datePublished":"2025-03-19T10:41:28+00:00","dateModified":"2025-05-06T14:14:52+00:00","description":"Assurance cr\u00e9dit Belsura - Une protection optimale en p\u00e9riode difficile - Prot\u00e9gez vos mensualit\u00e9s de cr\u00e9dit en cas de ch\u00f4mage, d'incapacit\u00e9 de gain ou de d\u00e9c\u00e8s. Souscrivez en ligne d\u00e8s maintenant!","breadcrumb":{"@id":"https:\/\/www.belsura.ch\/de\/kreditversicherung\/#breadcrumb"},"inLanguage":"fr-FR","potentialAction":[{"@type":"ReadAction","target":["https:\/\/www.belsura.ch\/de\/kreditversicherung\/"]}]},{"@type":"BreadcrumbList","@id":"https:\/\/www.belsura.ch\/de\/kreditversicherung\/#breadcrumb","itemListElement":[{"@type":"ListItem","position":1,"name":"Startseite","item":"https:\/\/www.belsura.ch\/fr\/"},{"@type":"ListItem","position":2,"name":"Assurance cr\u00e9dit"}]},{"@type":"WebSite","@id":"https:\/\/www.belsura.ch\/de\/#website","url":"https:\/\/www.belsura.ch\/de\/","name":"Belsura","description":"L'assurance auto Belsura","publisher":{"@id":"https:\/\/www.belsura.ch\/de\/#organization"},"potentialAction":[{"@type":"SearchAction","target":{"@type":"EntryPoint","urlTemplate":"https:\/\/www.belsura.ch\/de\/?s={search_term_string}"},"query-input":{"@type":"PropertyValueSpecification","valueRequired":true,"valueName":"search_term_string"}}],"inLanguage":"fr-FR"},{"@type":"Organization","@id":"https:\/\/www.belsura.ch\/de\/#organization","name":"Belsura","url":"https:\/\/www.belsura.ch\/de\/","logo":{"@type":"ImageObject","inLanguage":"fr-FR","@id":"https:\/\/www.belsura.ch\/de\/#\/schema\/logo\/image\/","url":"https:\/\/www.belsura.ch\/wp-content\/uploads\/2022\/08\/belsura_i2.png","contentUrl":"https:\/\/www.belsura.ch\/wp-content\/uploads\/2022\/08\/belsura_i2.png","width":1170,"height":260,"caption":"Belsura"},"image":{"@id":"https:\/\/www.belsura.ch\/de\/#\/schema\/logo\/image\/"}}]}},"_links":{"self":[{"href":"https:\/\/www.belsura.ch\/fr\/wp-json\/wp\/v2\/pages\/1398","targetHints":{"allow":["GET"]}}],"collection":[{"href":"https:\/\/www.belsura.ch\/fr\/wp-json\/wp\/v2\/pages"}],"about":[{"href":"https:\/\/www.belsura.ch\/fr\/wp-json\/wp\/v2\/types\/page"}],"author":[{"embeddable":true,"href":"https:\/\/www.belsura.ch\/fr\/wp-json\/wp\/v2\/users\/11"}],"replies":[{"embeddable":true,"href":"https:\/\/www.belsura.ch\/fr\/wp-json\/wp\/v2\/comments?post=1398"}],"version-history":[{"count":0,"href":"https:\/\/www.belsura.ch\/fr\/wp-json\/wp\/v2\/pages\/1398\/revisions"}],"wp:attachment":[{"href":"https:\/\/www.belsura.ch\/fr\/wp-json\/wp\/v2\/media?parent=1398"}],"curies":[{"name":"wp","href":"https:\/\/api.w.org\/{rel}","templated":true}]}}