{"id":334,"date":"2022-08-23T06:52:33","date_gmt":"2022-08-23T06:52:33","guid":{"rendered":"https:\/\/belsuradev.wpengine.com\/?page_id=334"},"modified":"2025-03-10T22:59:48","modified_gmt":"2025-03-10T22:59:48","slug":"datenschutzerklaerung","status":"publish","type":"page","link":"https:\/\/www.belsura.ch\/de\/datenschutzerklaerung\/","title":{"rendered":"Datenschutzerkl\u00e4rung"},"content":{"rendered":"<p class=\"p2\">\u00abBelsura\u00bb ist eine durch TONI Digital Insurance Solutions AG, Seefeldstrasse 5a, 8008 Z\u00fcrich (\u00abwir\u00bb, \u00abuns\u00bb oder \u00abunser\u00bb) eingetragene Marke. Wir respektieren die Privatsph\u00e4re Ihrer personenbezogenen Daten. Diese Datenschutzerkl\u00e4rung erl\u00e4utert, wie wir Ihre personenbezogenen Daten bearbeiten, d.h. die Daten erheben, verwenden, weitergeben und sch\u00fctzen, wenn Sie unsere Webseiten, die unter der Domain toni-dis.ch, tonidigital.ch, tonidigital.com oder anderen Domains (die \u00abWebseite\u00bb) nutzen, welche auf die Webseite verweisen, unsere Dienstleistungen in Anspruch nehmen oder uns kontaktieren. Bitte lesen Sie diese Datenschutzerkl\u00e4rung sorgf\u00e4ltig durch. Wir empfehlen Ihnen, die Datenschutzerkl\u00e4rung regelm\u00e4ssig zu \u00fcberpr\u00fcfen, damit Sie \u00fcber Aktualisierungen informiert bleiben. Im Falle von Widerspr\u00fcchen zwischen den verschiedenen Sprachversionen geht die englische Version der Datenschutzerkl\u00e4rung vor.<\/p>\n<h2>Verantwortliche Datenbearbeiterin<\/h2>\n<p class=\"p4\">Wir sind die verantwortliche Datenbearbeiterin f\u00fcr die in dieser Datenschutzerkl\u00e4rung beschriebenen Aktivit\u00e4ten.<\/p>\n<p>Wenn Sie Fragen oder Anmerkungen zu dieser Datenschutzerkl\u00e4rung haben oder Ihre gesetzlichen Datenschutzrechte aus\u00fcben m\u00f6chten, wenden Sie sich bitte an:<\/p>\n<p class=\"p6\" style=\"margin-left: 30px;\">TONI Digital Insurance Solutions AG<br \/>\nData Protection Officer<br \/>\nSeefeldstrasse 5a<br \/>\nCH &#8211; 8008 Z\u00fcrich<br \/>\n+41 (0)43 543 81 81<br \/>\n<span class=\"s1\"><a href=\"mailto:dataprotection@tonidigital.com\">dataprotection@tonidigital.com<\/a><\/span><\/p>\n<h2>Zweck und Basis der Datenbearbeitung<\/h2>\n<p class=\"p4\">Wir erheben und bearbeiten Ihre personenbezogenen Daten in erster Linie, um Sie \u00fcber unser Leistungsangebot zu informieren. Zudem erheben und bearbeiten wir Ihre personenbezogenen Daten, um unsere Dienstleistungen gem\u00e4ss unseren gesetzlichen und vertraglichen Verpflichtungen zu erbringen sowie zu Dokumentationszwecken. Ihre personenbezogenen Daten k\u00f6nnen durch uns zudem f\u00fcr folgende Zwecke bearbeitet werden:<\/p>\n<ul class=\"ul1\">\n<li class=\"li4\">zur Effizienzsteigerung sowie zur Optimierung unserer Webseite sowie zum Zweck der \u00dcberwachung und Analyse der Webseiten-Nutzung und der Trends, damit wir Ihre Nutzererfahrung im Zusammenhang mit dem Besuch der Webseite verbessern k\u00f6nnen;<\/li>\n<li class=\"li4\">f\u00fcr Marketing- und Werbeaktivit\u00e4ten;<\/li>\n<li class=\"li4\">damit wir Sie \u00fcber unsere Dienstleistungen informieren und wir Ihnen unsere Newsletter zustellen k\u00f6nnen (Ihr Einverst\u00e4ndnis zum Versand k\u00f6nnen Sie jederzeit durch Mitteilung an uns ablehnen);<\/li>\n<li class=\"li4\">Auswertung von anonymisierten statistischen Daten zur internen Analyse betreffend die Verwendung oder zur Weitergabe an berechtigte Dritte;<\/li>\n<li class=\"li4\">zur Bearbeitung von Stellenbewerbungen;<\/li>\n<li class=\"li4\">zur Erf\u00fcllung der rechtlichen Verpflichtungen; und\/oder<\/li>\n<li class=\"li4\">f\u00fcr die Durchsetzung unserer Rechtsanspr\u00fcche.<\/li>\n<\/ul>\n<p class=\"p2\">Wir, unsere Gesch\u00e4ftspartner und\/oder Dritte haben ein berechtigtes Interesse an der Datenbearbeitung wie in dieser Datenschutzerkl\u00e4rung beschrieben. Die Datenbearbeitung entspricht dem genannten Zweck. Einige Datenbearbeitungen sind erforderlich, damit wir unseren gesetzlichen oder vertraglichen Verpflichtungen nachkommen k\u00f6nnen (z.B. Archivierungsvorschriften).<\/p>\n<h2>Bearbeitung und Nutzung Ihrer personenbezogenen Daten<\/h2>\n<p class=\"p4\">Wir speichern und bearbeiten diejenigen Informationen, welche Sie uns zur Verf\u00fcgung stellen, wenn Sie:<\/p>\n<ul class=\"ul1\">\n<li class=\"li4\">unsere Webseite besuchen;<\/li>\n<li class=\"li4\">uns per E-Mail, Telefon oder Chat-Funktion kontaktieren;<\/li>\n<li class=\"li4\">unseren Newsletter abonnieren;<\/li>\n<li class=\"li4\">sich um eine Stelle bei uns bewerben; und\/oder<\/li>\n<li class=\"li2\">Dienstleistungen oder Produkte als Lieferant oder Gesch\u00e4ftspartner f\u00fcr uns erbringen oder an uns liefern.<\/li>\n<\/ul>\n<h3>Beim Besuch unserer Webseite:<\/h3>\n<ul class=\"ul1\">\n<li class=\"li4\"><b><i>Grundsatz:<\/i><\/b>\u00a0Sie k\u00f6nnen unsere Webseite besuchen, ohne aktiv personenbezogene Daten oder Informationen \u00fcber sich preisgeben zu m\u00fcssen. Wenn Sie unsere Webseite aufrufen, speichert der Server unserer Webseite tempor\u00e4r Informationen \u00fcber Ihre Zugriffe. Bei diesen Informationen handelt sich um die IP-Adresse, das Datum und die Uhrzeit des Zugriffs, den Namen und die URL der abgerufenen Datei, die Angaben zur Webseite von der aus der Zugriff erfolgt (\u00abReferrer-URL\u00bb), den Ger\u00e4tetyp und das Betriebssystem des Endger\u00e4ts, den Typ des verwendeten Browsers und den Namen des Access-Providers.<\/li>\n<\/ul>\n<ul class=\"ul1\">\n<li class=\"li4\"><b><i>Cookies:<\/i><\/b>\u00a0Wir verwenden Cookies, Tags und \u00e4hnliche Technologien auf unserer Webseite, um diese anzupassen und Ihre Erfahrungen im Zusammenhang mit unserer Webseite zu verbessern. \u00abCookies\u00bb sind Textdateien, die auf Ihrem Computer oder Mobilger\u00e4t gespeichert werden, wenn Sie eine Webseite besuchen oder eine App verwenden. Sie k\u00f6nnen die Installation von Cookies ablehnen, indem Sie ein entsprechendes \u00abDeaktivierungs-Add-on\u00bb verwenden. Neben der M\u00f6glichkeit, die Installation von Cookies durch entsprechende Einstellungen zu verhindern, k\u00f6nnen Sie Ihren Browser so einrichten, dass keine Cookies auf Ihrem Computer oder Mobilger\u00e4t gespeichert werden. In diesem Fall erhalten Sie eine Mitteilung, bevor ein Cookie installiert wird. Einige der Cookies sind f\u00fcr uns notwendig, um bestimmte Funktionalit\u00e4ten der Webseite zur Verf\u00fcgung zu stellen. Ausserdem verwenden wir Cookies, um die Webseite wie unten beschrieben zu analysieren.<\/li>\n<\/ul>\n<ul class=\"ul1\">\n<li class=\"li4\"><b><i>Webseite-Analyse-Tools (Google Analytics):<\/i><\/b>\u00a0Um unsere Webseite f\u00fcr Sie bedarfsgerecht zu gestalten und fortlaufend zu optimieren, nutzen wir Google Analytics, einen Webanalysedienst der Google Inc. (1600 Amphitheatre Parkway, Mountain View, CA 94043, USA). Wir setzen <a href=\"https:\/\/support.google.com\/analytics\/answer\/6004245?hl=en\">Google Analytics<\/a> ein, um die Nutzung der Webseite statistisch zu erfassen und auszuwerten. Auch werden diese Informationen gegebenenfalls an Dritte \u00fcbertragen, sofern dies gesetzlich vorgeschrieben oder, soweit Dritte diese Daten im Auftrag von uns bearbeiten. In diesem Zusammenhang werden pseudonymisierte Nutzungsprofile erstellt und Cookies verwendet. Zu den durch den Cookie erzeugten Informationen geh\u00f6ren Browsertyp und -version, Gr\u00f6sse des Browserfensters, Sprache des Browsers, Installation von Java, installierte Flash-Version, verwendete Aufl\u00f6sung, verwendetes Betriebssystem, Name und URL der abgerufenen Datei, der Titel der Seite, die zuvor besuchte Seite der Webseite (\u00abReferrer URL)\u00bb, die (anonymisierte) IP-Adresse des zugreifenden Endger\u00e4tes, der ungef\u00e4hre Ort des Zugriffs und die Uhrzeit der Serveranfrage. Die Daten werden an einen Server von Google in den USA \u00fcbertragen und dort gespeichert. Wir verwenden Google Analytics nur mit aktivierter IP-Anonymisierung. Sie k\u00f6nnen die Installation der Cookies von Google Analytics verhindern, indem Sie dieses Deaktivierungs-Add-on verwenden: <a href=\"https:\/\/tools.google.com\/dlpage\/gaoptout?hl=de\">https:\/\/tools.google.com\/dlpage\/gaoptout?hl=de<\/a>.<\/li>\n<\/ul>\n<ul class=\"ul1\">\n<li class=\"li4\"><b><i>Newsletter:<\/i><\/b>\u00a0Wenn Sie sich f\u00fcr unseren Newsletter anmelden, verwenden wir Ihre E-Mail-Adresse und Ihren Namen, um Ihnen den von Ihnen abonnierten Newsletter zuzusenden. Im Hinblick auf die Optimierung unseres Newsletters nutzen wir Analysedienste, um die Nutzung unseres Newsletters zu analysieren und zu messen. Die Analysedienste sammeln und analysieren die Nutzungsdaten (z.B. Anzahl der Empf\u00e4nger, die den Newsletter ge\u00f6ffnet und\/oder auf den Titel geklickt haben). Auf dieser Grundlage erhalten wir Auswertungen, die es uns erm\u00f6glichen, unsere Newsletter zu optimieren. Sie k\u00f6nnen den Newsletter jederzeit \u00fcber den Link am Ende eines jeden Newsletters oder per E-Mail an\u00a0<a href=\"mailto:dataprotection@tonidigital.com\">dataprotection@tonidigital.com<\/a>\u00a0abbestellen. Nach der Abmeldung erfolgt keine Nutzung Ihrer Daten mehr f\u00fcr die Analyse und Messung des Newsletters.<\/li>\n<\/ul>\n<ul class=\"ul1\">\n<li class=\"li2\"><b><i>Kontaktformular:<\/i><\/b>\u00a0Bei Fragen jeglicher Art bieten wir Ihnen auf unserer Webseite die M\u00f6glichkeit, uns \u00fcber ein Kontaktformular oder \u00fcber eine E-Mail-Adresse zu kontaktieren. Damit Sie das Kontaktformular nutzen k\u00f6nnen, ist die Angabe der E-Mail-Adresse und des Namens erforderlich. Die Angabe weiterer Daten ist freiwillig.<\/li>\n<\/ul>\n<h2>Bekanntgabe der Daten<\/h2>\n<p class=\"p2\">Wir k\u00f6nnen die gespeicherten personenbezogene Daten weitergeben, wenn dies f\u00fcr die in dieser Datenschutzerkl\u00e4rung beschriebenen Zwecke erforderlich ist. Dabei k\u00f6nnen Ihre personenbezogenen Daten an die folgenden Kategorien von Empf\u00e4ngern weitergegeben werden:<\/p>\n<h3>Dritte, Lieferanten und Gesch\u00e4ftspartner<\/h3>\n<p class=\"p2\">Wir k\u00f6nnen Ihre personenbezogenen Daten an Dritte weitergegen, welche Dienstleistungen f\u00fcr uns oder in unserem Namen erbringen, einschliesslich der Zahlungsabwicklung, der Datenanalyse, des E-Mail-Versands, der Hosting-Dienste, des Kundendiensts und der Marketingunterst\u00fctzung. Um die in dieser Datenschutzerkl\u00e4rung beschriebenen Zwecke zu erreichen, k\u00f6nnen wir Ihre personenbezogenen Daten zudem an unsere Lieferanten und Gesch\u00e4ftspartner weitergeben.<\/p>\n<h3>Beh\u00f6rden und Gerichte<\/h3>\n<p class=\"p2\">Soweit es unter den geltenden Gesetzen, Vorschriften und Regelungen zul\u00e4ssig und notwendig ist, k\u00f6nnen wir Ihre personenbezogenen Daten verwenden und weitergeben, um ein Gerichtsverfahren einzuleiten oder auf ein solches zu reagieren, wenn (potenziell) gegen unsere Richtlinien verstossen wird, der Schutz unserer Rechte, unser Eigentum und\/oder unsere oder die Sicherheit von Dritten gef\u00e4hrdet ist. Dazu geh\u00f6rt auch der Austausch von Informationen mit anderen Unternehmen zum Schutz vor Betrug sowie zur Verringerung des Kreditrisikos.<\/p>\n<h2>Bearbeitungsort und Speicherdauer<\/h2>\n<p class=\"p2\">Wir bearbeiten Ihre personenbezogenen Daten haupts\u00e4chlich in der Schweiz und in der Europ\u00e4ischen Union (EU). Im Rahmen unserer Gesch\u00e4ftst\u00e4tigkeit kann es notwendig sein, dass wir Ihre personenbezogenen Daten auch ausserhalb der Schweiz und der EU bearbeiten oder weitergeben. Sollten wir Ihre personenbezogenen Daten in L\u00e4nder ohne angemessenen Datenschutz bearbeiten oder \u00fcbermitteln, stellen wir zu jeder Zeit sicher, dass die n\u00f6tigen Massnahmen zum Schutz der personenbezogenen Daten (Standardvertragsklauseln) getroffen wurden oder eine gesetzliche Ausnahme (z.B. Notwendigkeit der Vertragserf\u00fcllung) vorliegt.<\/p>\n<p>Wir speichern Ihre personenbezogenen Daten nur im Umfange und f\u00fcr diejenige Dauer, wie zur Erf\u00fcllung des in dieser Datenschutzerkl\u00e4rung beschriebenen Zwecks oder zur Einhaltung von gesetzlichen Verpflichtungen (z.B. Aufbewahrungspflichten) erforderlich ist.<\/p>\n<h2>Ihre Rechte in Bezug auf die Daten<\/h2>\n<p class=\"p4\">In Bezug auf Ihre personenbezogenen Daten haben Sie die folgenden Rechte:<\/p>\n<ul class=\"ul1\">\n<li class=\"li4\">das Recht, von uns Auskunft dar\u00fcber zu erhalten, welche personenbezogenen Daten wir \u00fcber Sie speichern und wie wir diese bearbeiten;<\/li>\n<li class=\"li4\">das Recht, eine Kopie Ihrer personenbezogenen Daten zu erhalten (in einem allgemein gebr\u00e4uchlichen Format);<\/li>\n<li class=\"li4\">das Recht, dass Ihre personenbezogenen Daten bei Bedarf an ein anderes Unternehmen \u00fcbermittelt werden;<\/li>\n<li class=\"li4\">das Recht, Ihre personenbezogenen Daten berichtigen oder l\u00f6schen zu lassen;<\/li>\n<li class=\"li4\">das Recht auf Widerspruch gegen die Bearbeitung Ihrer personenbezogenen Daten durch uns.<\/li>\n<\/ul>\n<p class=\"p2\">Diese Rechte sind an Bedingungen und Ausnahmen gekn\u00fcpft. Wir k\u00f6nnen Ihren Antrag auf Aus\u00fcbung dieser Rechte ablehnen, wenn wir von Gesetzes wegen dazu berechtigt sind. Zus\u00e4tzlich zu den vorgenannten Rechten haben Sie das Recht, beim Eidgen\u00f6ssischen Datenschutz- und \u00d6ffentlichkeitsbeauftragten (ED\u00d6B) eine Beschwerde einzureichen.<\/p>\n<h2>Datensicherheit<\/h2>\n<p class=\"p2\">Wir setzen administrative, technische und physische Sicherheitsmassnahmen ein, um den Schutz Ihrer personenbezogenen Daten zu gew\u00e4hrleisten. Wir nehmen regelm\u00e4ssig \u00dcberpr\u00fcfungen, Bewertungen und Evaluationen vor, um die Wirksamkeit der Massnahmen gem\u00e4ss unserer Risikobewertung nachzuweisen.<\/p>\n<h2>\u00c4nderungen dieser Datenschutzerkl\u00e4rung<\/h2>\n<p class=\"p4\">Wir behalten uns das Recht vor, diese Datenschutzerkl\u00e4rung jederzeit aus beliebigen Gr\u00fcnden zu \u00e4ndern, z.B. wenn wir unsere Praxis zur Datenbearbeitung \u00e4ndern oder wenn neue oder ge\u00e4nderte Vorschriften in Kraft treten.<\/p>\n<p>\u00dcber die \u00c4nderungen werden wir Sie informieren, indem wir das Datum der \u00abletzten Aktualisierung\u00bb dieser Datenschutzerkl\u00e4rung aktualisieren. Alle \u00c4nderungen oder Modifikationen werden sofort mit der Ver\u00f6ffentlichung der aktualisierten Datenschutzerkl\u00e4rung auf der Webseite wirksam. Es gilt die zu diesem Zeitpunkt auf unserer Webseite ver\u00f6ffentlichte Version.<\/p>\n<p class=\"p4\">Letzte Aktualisierung: <span class=\"s3\">Oktober, 2023<\/span><\/p>\n","protected":false},"excerpt":{"rendered":"<p>\u00abBelsura\u00bb ist eine durch TONI Digital Insurance Solutions AG, Seefeldstrasse 5a, 8008 Z\u00fcrich (\u00abwir\u00bb, \u00abuns\u00bb oder \u00abunser\u00bb) eingetragene Marke. Wir respektieren die Privatsph\u00e4re Ihrer personenbezogenen Daten. Diese Datenschutzerkl\u00e4rung erl\u00e4utert, wie wir Ihre personenbezogenen Daten bearbeiten, d.h. die Daten erheben, verwenden, weitergeben und sch\u00fctzen, wenn Sie unsere Webseiten, die unter der Domain toni-dis.ch, tonidigital.ch, tonidigital.com oder [&hellip;]<\/p>\n","protected":false},"author":4,"featured_media":0,"parent":0,"menu_order":0,"comment_status":"closed","ping_status":"closed","template":"page-textbased.php","meta":{"footnotes":""},"class_list":["post-334","page","type-page","status-publish","hentry"],"yoast_head":"<!-- This site is optimized with the Yoast SEO plugin v27.1.1 - https:\/\/yoast.com\/product\/yoast-seo-wordpress\/ -->\n<title>Datenschutzerkl\u00e4rung - Belsura<\/title>\n<meta name=\"robots\" content=\"index, follow, max-snippet:-1, max-image-preview:large, max-video-preview:-1\" \/>\n<link rel=\"canonical\" href=\"https:\/\/www.belsura.ch\/de\/datenschutzerklaerung\/\" \/>\n<meta name=\"twitter:label1\" content=\"Gesch\u00e4tzte Lesezeit\" \/>\n\t<meta name=\"twitter:data1\" content=\"7\u00a0Minuten\" \/>\n<script type=\"application\/ld+json\" class=\"yoast-schema-graph\">{\"@context\":\"https:\/\/schema.org\",\"@graph\":[{\"@type\":\"WebPage\",\"@id\":\"https:\/\/www.belsura.ch\/de\/datenschutzerklaerung\/\",\"url\":\"https:\/\/www.belsura.ch\/de\/datenschutzerklaerung\/\",\"name\":\"Datenschutzerkl\u00e4rung - Belsura\",\"isPartOf\":{\"@id\":\"https:\/\/www.belsura.ch\/de\/#website\"},\"datePublished\":\"2022-08-23T06:52:33+00:00\",\"dateModified\":\"2025-03-10T22:59:48+00:00\",\"breadcrumb\":{\"@id\":\"https:\/\/www.belsura.ch\/de\/datenschutzerklaerung\/#breadcrumb\"},\"inLanguage\":\"de\",\"potentialAction\":[{\"@type\":\"ReadAction\",\"target\":[\"https:\/\/www.belsura.ch\/de\/datenschutzerklaerung\/\"]}]},{\"@type\":\"BreadcrumbList\",\"@id\":\"https:\/\/www.belsura.ch\/de\/datenschutzerklaerung\/#breadcrumb\",\"itemListElement\":[{\"@type\":\"ListItem\",\"position\":1,\"name\":\"Startseite\",\"item\":\"https:\/\/www.belsura.ch\/de\/\"},{\"@type\":\"ListItem\",\"position\":2,\"name\":\"Datenschutzerkl\u00e4rung\"}]},{\"@type\":\"WebSite\",\"@id\":\"https:\/\/www.belsura.ch\/de\/#website\",\"url\":\"https:\/\/www.belsura.ch\/de\/\",\"name\":\"Belsura\",\"description\":\"\",\"publisher\":{\"@id\":\"https:\/\/www.belsura.ch\/de\/#organization\"},\"potentialAction\":[{\"@type\":\"SearchAction\",\"target\":{\"@type\":\"EntryPoint\",\"urlTemplate\":\"https:\/\/www.belsura.ch\/de\/?s={search_term_string}\"},\"query-input\":{\"@type\":\"PropertyValueSpecification\",\"valueRequired\":true,\"valueName\":\"search_term_string\"}}],\"inLanguage\":\"de\"},{\"@type\":\"Organization\",\"@id\":\"https:\/\/www.belsura.ch\/de\/#organization\",\"name\":\"Belsura\",\"url\":\"https:\/\/www.belsura.ch\/de\/\",\"logo\":{\"@type\":\"ImageObject\",\"inLanguage\":\"de\",\"@id\":\"https:\/\/www.belsura.ch\/de\/#\/schema\/logo\/image\/\",\"url\":\"https:\/\/www.belsura.ch\/wp-content\/uploads\/2022\/08\/belsura_i2.png\",\"contentUrl\":\"https:\/\/www.belsura.ch\/wp-content\/uploads\/2022\/08\/belsura_i2.png\",\"width\":1170,\"height\":260,\"caption\":\"Belsura\"},\"image\":{\"@id\":\"https:\/\/www.belsura.ch\/de\/#\/schema\/logo\/image\/\"}}]}<\/script>\n<!-- \/ Yoast SEO plugin. -->","yoast_head_json":{"title":"Datenschutzerkl\u00e4rung - Belsura","robots":{"index":"index","follow":"follow","max-snippet":"max-snippet:-1","max-image-preview":"max-image-preview:large","max-video-preview":"max-video-preview:-1"},"canonical":"https:\/\/www.belsura.ch\/de\/datenschutzerklaerung\/","twitter_misc":{"Gesch\u00e4tzte Lesezeit":"7\u00a0Minuten"},"schema":{"@context":"https:\/\/schema.org","@graph":[{"@type":"WebPage","@id":"https:\/\/www.belsura.ch\/de\/datenschutzerklaerung\/","url":"https:\/\/www.belsura.ch\/de\/datenschutzerklaerung\/","name":"Datenschutzerkl\u00e4rung - Belsura","isPartOf":{"@id":"https:\/\/www.belsura.ch\/de\/#website"},"datePublished":"2022-08-23T06:52:33+00:00","dateModified":"2025-03-10T22:59:48+00:00","breadcrumb":{"@id":"https:\/\/www.belsura.ch\/de\/datenschutzerklaerung\/#breadcrumb"},"inLanguage":"de","potentialAction":[{"@type":"ReadAction","target":["https:\/\/www.belsura.ch\/de\/datenschutzerklaerung\/"]}]},{"@type":"BreadcrumbList","@id":"https:\/\/www.belsura.ch\/de\/datenschutzerklaerung\/#breadcrumb","itemListElement":[{"@type":"ListItem","position":1,"name":"Startseite","item":"https:\/\/www.belsura.ch\/de\/"},{"@type":"ListItem","position":2,"name":"Datenschutzerkl\u00e4rung"}]},{"@type":"WebSite","@id":"https:\/\/www.belsura.ch\/de\/#website","url":"https:\/\/www.belsura.ch\/de\/","name":"Belsura","description":"","publisher":{"@id":"https:\/\/www.belsura.ch\/de\/#organization"},"potentialAction":[{"@type":"SearchAction","target":{"@type":"EntryPoint","urlTemplate":"https:\/\/www.belsura.ch\/de\/?s={search_term_string}"},"query-input":{"@type":"PropertyValueSpecification","valueRequired":true,"valueName":"search_term_string"}}],"inLanguage":"de"},{"@type":"Organization","@id":"https:\/\/www.belsura.ch\/de\/#organization","name":"Belsura","url":"https:\/\/www.belsura.ch\/de\/","logo":{"@type":"ImageObject","inLanguage":"de","@id":"https:\/\/www.belsura.ch\/de\/#\/schema\/logo\/image\/","url":"https:\/\/www.belsura.ch\/wp-content\/uploads\/2022\/08\/belsura_i2.png","contentUrl":"https:\/\/www.belsura.ch\/wp-content\/uploads\/2022\/08\/belsura_i2.png","width":1170,"height":260,"caption":"Belsura"},"image":{"@id":"https:\/\/www.belsura.ch\/de\/#\/schema\/logo\/image\/"}}]}},"_links":{"self":[{"href":"https:\/\/www.belsura.ch\/de\/wp-json\/wp\/v2\/pages\/334","targetHints":{"allow":["GET"]}}],"collection":[{"href":"https:\/\/www.belsura.ch\/de\/wp-json\/wp\/v2\/pages"}],"about":[{"href":"https:\/\/www.belsura.ch\/de\/wp-json\/wp\/v2\/types\/page"}],"author":[{"embeddable":true,"href":"https:\/\/www.belsura.ch\/de\/wp-json\/wp\/v2\/users\/4"}],"replies":[{"embeddable":true,"href":"https:\/\/www.belsura.ch\/de\/wp-json\/wp\/v2\/comments?post=334"}],"version-history":[{"count":0,"href":"https:\/\/www.belsura.ch\/de\/wp-json\/wp\/v2\/pages\/334\/revisions"}],"wp:attachment":[{"href":"https:\/\/www.belsura.ch\/de\/wp-json\/wp\/v2\/media?parent=334"}],"curies":[{"name":"wp","href":"https:\/\/api.w.org\/{rel}","templated":true}]}}